{"id":2170,"date":"2023-04-17T21:25:13","date_gmt":"2023-04-17T21:25:13","guid":{"rendered":"https:\/\/kolmiologistics.com\/?page_id=2170"},"modified":"2023-06-08T20:12:04","modified_gmt":"2023-06-08T20:12:04","slug":"ot","status":"publish","type":"page","link":"https:\/\/kolmiologistics.com\/en\/nuestras-empresas\/ot\/","title":{"rendered":"OT"},"content":{"rendered":"<div data-elementor-type=\"wp-page\" data-elementor-id=\"2170\" class=\"elementor elementor-2170\">\n\t\t\t\t\t\t\t\t\t<section class=\"elementor-section elementor-top-section elementor-element elementor-element-9bff8df elementor-section-full_width elementor-section-height-default elementor-section-height-default\" data-id=\"9bff8df\" data-element_type=\"section\" data-settings=\"{&quot;jet_parallax_layout_list&quot;:[],&quot;background_background&quot;:&quot;classic&quot;}\">\n\t\t\t\t\t\t<div class=\"elementor-container elementor-column-gap-no\">\n\t\t\t\t\t<div class=\"elementor-column elementor-col-100 elementor-top-column elementor-element elementor-element-544d90a\" data-id=\"544d90a\" data-element_type=\"column\">\n\t\t\t<div class=\"elementor-widget-wrap elementor-element-populated\">\n\t\t\t\t\t\t\t\t<div class=\"elementor-element elementor-element-0b14cf8 elementor-widget elementor-widget-image\" data-id=\"0b14cf8\" data-element_type=\"widget\" data-widget_type=\"image.default\">\n\t\t\t\t<div class=\"elementor-widget-container\">\n\t\t\t<style>\/*! elementor - v3.13.3 - 28-05-2023 *\/\n.elementor-widget-image{text-align:center}.elementor-widget-image a{display:inline-block}.elementor-widget-image a img[src$=\".svg\"]{width:48px}.elementor-widget-image img{vertical-align:middle;display:inline-block}<\/style>\t\t\t\t\t\t\t\t\t\t\t\t<img decoding=\"async\" width=\"1600\" height=\"625\" src=\"https:\/\/kolmiologistics.com\/wp-content\/uploads\/2023\/04\/m_PORTADA-OT.jpg\" class=\"attachment-full size-full wp-image-2181\" alt=\"\" loading=\"lazy\" srcset=\"https:\/\/kolmiologistics.com\/wp-content\/uploads\/2023\/04\/m_PORTADA-OT.jpg 1600w, https:\/\/kolmiologistics.com\/wp-content\/uploads\/2023\/04\/m_PORTADA-OT-300x117.jpg 300w, https:\/\/kolmiologistics.com\/wp-content\/uploads\/2023\/04\/m_PORTADA-OT-1024x400.jpg 1024w, https:\/\/kolmiologistics.com\/wp-content\/uploads\/2023\/04\/m_PORTADA-OT-768x300.jpg 768w, https:\/\/kolmiologistics.com\/wp-content\/uploads\/2023\/04\/m_PORTADA-OT-1536x600.jpg 1536w\" sizes=\"(max-width: 1600px) 100vw, 1600px\" \/>\t\t\t\t\t\t\t\t\t\t\t\t\t\t\t<\/div>\n\t\t\t\t<\/div>\n\t\t\t\t\t<\/div>\n\t\t<\/div>\n\t\t\t\t\t\t\t<\/div>\n\t\t<\/section>\n\t\t\t\t<section class=\"elementor-section elementor-top-section elementor-element elementor-element-c4bd4b3 elementor-section-boxed elementor-section-height-default elementor-section-height-default\" data-id=\"c4bd4b3\" data-element_type=\"section\" data-settings=\"{&quot;jet_parallax_layout_list&quot;:[]}\" data-no-translation=\"\">\n\t\t\t\t\t\t<div class=\"elementor-container elementor-column-gap-default\">\n\t\t\t\t\t<div class=\"elementor-column elementor-col-50 elementor-top-column elementor-element elementor-element-4638a3b\" data-id=\"4638a3b\" data-element_type=\"column\">\n\t\t\t<div class=\"elementor-widget-wrap elementor-element-populated\">\n\t\t\t\t\t\t\t\t<div class=\"elementor-element elementor-element-de4626b elementor-widget elementor-widget-heading\" data-id=\"de4626b\" data-element_type=\"widget\" data-widget_type=\"heading.default\">\n\t\t\t\t<div class=\"elementor-widget-container\">\n\t\t\t<h3 class=\"elementor-heading-title elementor-size-default\">We are committed to giving the best service for your customers, \u00a1On time, all the time!\n\n\n<\/h3>\t\t<\/div>\n\t\t\t\t<\/div>\n\t\t\t\t\t<\/div>\n\t\t<\/div>\n\t\t\t\t<div class=\"elementor-column elementor-col-50 elementor-top-column elementor-element elementor-element-9c58320\" data-id=\"9c58320\" data-element_type=\"column\">\n\t\t\t<div class=\"elementor-widget-wrap elementor-element-populated\">\n\t\t\t\t\t\t\t\t<div class=\"elementor-element elementor-element-a53f21c elementor-widget elementor-widget-text-editor\" data-id=\"a53f21c\" data-element_type=\"widget\" data-widget_type=\"text-editor.default\">\n\t\t\t\t<div class=\"elementor-widget-container\">\n\t\t\t\t\t\t\t<p><b>One Transport is a Dedicated, door-to-door LTL cargo transportation operator, with operations in Mexico &#8211; USA, intra-Mexico, and intra-USA. It has express, dedicated, and occasional services, through units such as Sprinter vans and Small Box Trucks.<\/b><\/p><p>The executing partners are specialized AAA service providers, and the transfers have proactive cargo satellite tracking, and an analysis of the behavior of the operation to find improvements in the process.<\/p>\t\t\t\t\t\t<\/div>\n\t\t\t\t<\/div>\n\t\t\t\t\t<\/div>\n\t\t<\/div>\n\t\t\t\t\t\t\t<\/div>\n\t\t<\/section>\n\t\t\t\t<section class=\"elementor-section elementor-top-section elementor-element elementor-element-8e82ce7 elementor-section-boxed elementor-section-height-default elementor-section-height-default\" data-id=\"8e82ce7\" data-element_type=\"section\" data-settings=\"{&quot;jet_parallax_layout_list&quot;:[]}\" data-no-translation=\"\">\n\t\t\t\t\t\t<div class=\"elementor-container elementor-column-gap-default\">\n\t\t\t\t\t<div class=\"elementor-column elementor-col-50 elementor-top-column elementor-element elementor-element-7288120\" data-id=\"7288120\" data-element_type=\"column\">\n\t\t\t<div class=\"elementor-widget-wrap elementor-element-populated\">\n\t\t\t\t\t\t\t\t<div class=\"elementor-element elementor-element-397c3f8 elementor-widget elementor-widget-text-editor\" data-id=\"397c3f8\" data-element_type=\"widget\" data-widget_type=\"text-editor.default\">\n\t\t\t\t<div class=\"elementor-widget-container\">\n\t\t\t\t\t\t\t<p><b>The following are the services we offer:<\/b><\/p><ul><li>LTL Express cargo services (Sprinters y Small Box Trucks)<\/li><li>Service between Mexico &#8211; USA<\/li><li>Intra USA and Intra M\u00e9xico service<\/li><li>Dedicated Express Service<\/li><li>Occasional Express Service<\/li><li>Proactive satellite tracking<\/li><li>Analysis of operational behavior<\/li><\/ul>\t\t\t\t\t\t<\/div>\n\t\t\t\t<\/div>\n\t\t\t\t\t<\/div>\n\t\t<\/div>\n\t\t\t\t<div class=\"elementor-column elementor-col-50 elementor-top-column elementor-element elementor-element-b7d89df\" data-id=\"b7d89df\" data-element_type=\"column\" data-settings=\"{&quot;background_background&quot;:&quot;classic&quot;}\">\n\t\t\t<div class=\"elementor-widget-wrap elementor-element-populated\">\n\t\t\t\t\t\t\t\t<div class=\"elementor-element elementor-element-47803d9 elementor-widget elementor-widget-heading\" data-id=\"47803d9\" data-element_type=\"widget\" data-widget_type=\"heading.default\">\n\t\t\t\t<div class=\"elementor-widget-container\">\n\t\t\t<h3 class=\"elementor-heading-title elementor-size-default\">ONE TRANSPORT, is part of the Kolmio Group, an Integrating Platform for Logistics Solutions for the Supply Chain level at 3PL+.\n\n\n\n\n\n<\/h3>\t\t<\/div>\n\t\t\t\t<\/div>\n\t\t\t\t\t<\/div>\n\t\t<\/div>\n\t\t\t\t\t\t\t<\/div>\n\t\t<\/section>\n\t\t\t\t<section class=\"elementor-section elementor-top-section elementor-element elementor-element-7e6b056 elementor-section-boxed elementor-section-height-default elementor-section-height-default\" data-id=\"7e6b056\" data-element_type=\"section\" data-settings=\"{&quot;jet_parallax_layout_list&quot;:[]}\">\n\t\t\t\t\t\t<div class=\"elementor-container elementor-column-gap-default\">\n\t\t\t\t\t<div class=\"elementor-column elementor-col-100 elementor-top-column elementor-element elementor-element-e8cb10f\" data-id=\"e8cb10f\" data-element_type=\"column\">\n\t\t\t<div class=\"elementor-widget-wrap elementor-element-populated\">\n\t\t\t\t\t\t\t\t<div class=\"elementor-element elementor-element-330db14 elementor-widget elementor-widget-heading\" data-id=\"330db14\" data-element_type=\"widget\" data-no-translation=\"\" data-widget_type=\"heading.default\">\n\t\t\t\t<div class=\"elementor-widget-container\">\n\t\t\t<style>.elementor-element-330db14{display:none !important}<\/style>\t\t<\/div>\n\t\t\t\t<\/div>\n\t\t\t\t<div class=\"elementor-element elementor-element-5343180 elementor-widget elementor-widget-heading\" data-id=\"5343180\" data-element_type=\"widget\" data-no-translation=\"\" data-widget_type=\"heading.default\">\n\t\t\t\t<div class=\"elementor-widget-container\">\n\t\t\t<h3 class=\"elementor-heading-title elementor-size-default\">Let us serve you as it should: excellent, on time and at a good price.\n\n<\/h3>\t\t<\/div>\n\t\t\t\t<\/div>\n\t\t\t\t\t<\/div>\n\t\t<\/div>\n\t\t\t\t\t\t\t<\/div>\n\t\t<\/section>\n\t\t\t\t<section class=\"elementor-section elementor-top-section elementor-element elementor-element-f116ea9 elementor-section-full_width elementor-section-height-default elementor-section-height-default\" data-id=\"f116ea9\" data-element_type=\"section\" data-settings=\"{&quot;jet_parallax_layout_list&quot;:[],&quot;background_background&quot;:&quot;classic&quot;}\">\n\t\t\t\t\t\t<div class=\"elementor-container elementor-column-gap-no\">\n\t\t\t\t\t<div class=\"elementor-column elementor-col-100 elementor-top-column elementor-element elementor-element-f857a10\" data-id=\"f857a10\" data-element_type=\"column\">\n\t\t\t<div class=\"elementor-widget-wrap elementor-element-populated\">\n\t\t\t\t\t\t\t\t<div class=\"elementor-element elementor-element-31a5887 elementor-widget elementor-widget-image\" data-id=\"31a5887\" data-element_type=\"widget\" data-widget_type=\"image.default\">\n\t\t\t\t<div class=\"elementor-widget-container\">\n\t\t\t\t\t\t\t\t\t\t\t\t\t\t\t<img decoding=\"async\" width=\"400\" height=\"77\" src=\"https:\/\/kolmiologistics.com\/wp-content\/uploads\/2023\/03\/ot.png\" class=\"attachment-full size-full wp-image-2079\" alt=\"\" loading=\"lazy\" srcset=\"https:\/\/kolmiologistics.com\/wp-content\/uploads\/2023\/03\/ot.png 400w, https:\/\/kolmiologistics.com\/wp-content\/uploads\/2023\/03\/ot-300x58.png 300w\" sizes=\"(max-width: 400px) 100vw, 400px\" \/>\t\t\t\t\t\t\t\t\t\t\t\t\t\t\t<\/div>\n\t\t\t\t<\/div>\n\t\t\t\t<div class=\"elementor-element elementor-element-3298cff elementor-widget elementor-widget-image\" data-id=\"3298cff\" data-element_type=\"widget\" data-widget_type=\"image.default\">\n\t\t\t\t<div class=\"elementor-widget-container\">\n\t\t\t\t\t\t\t\t\t\t\t\t\t\t\t<img decoding=\"async\" width=\"1600\" height=\"900\" src=\"https:\/\/kolmiologistics.com\/wp-content\/uploads\/2023\/04\/m_Collage-OT.jpg\" class=\"attachment-full size-full wp-image-2191\" alt=\"\" loading=\"lazy\" srcset=\"https:\/\/kolmiologistics.com\/wp-content\/uploads\/2023\/04\/m_Collage-OT.jpg 1600w, https:\/\/kolmiologistics.com\/wp-content\/uploads\/2023\/04\/m_Collage-OT-300x169.jpg 300w, https:\/\/kolmiologistics.com\/wp-content\/uploads\/2023\/04\/m_Collage-OT-1024x576.jpg 1024w, https:\/\/kolmiologistics.com\/wp-content\/uploads\/2023\/04\/m_Collage-OT-768x432.jpg 768w, https:\/\/kolmiologistics.com\/wp-content\/uploads\/2023\/04\/m_Collage-OT-1536x864.jpg 1536w\" sizes=\"(max-width: 1600px) 100vw, 1600px\" \/>\t\t\t\t\t\t\t\t\t\t\t\t\t\t\t<\/div>\n\t\t\t\t<\/div>\n\t\t\t\t\t<\/div>\n\t\t<\/div>\n\t\t\t\t\t\t\t<\/div>\n\t\t<\/section>\n\t\t\t\t\t\t\t<\/div>","protected":false},"excerpt":{"rendered":"<p>Mejoramos el servicio de atenci\u00f3n a tus clientes, \u00a1siempre a tiempo! One Transport es un operador de transporte de carga LTL Dedicado, puerta a puerta, con operaciones en M\u00e9xico &#8211; USA, intra M\u00e9xico e intra USA. Cuenta con servicios expr\u00e9s, dedicados y ocasionales, a trav\u00e9s de unidades tipo Sprinters y Small Box Trucks. Los socios [&hellip;]<\/p>","protected":false},"author":1,"featured_media":0,"parent":2164,"menu_order":3,"comment_status":"closed","ping_status":"closed","template":"","meta":[],"yoast_head":"<!-- This site is optimized with the Yoast SEO plugin v20.13 - https:\/\/yoast.com\/wordpress\/plugins\/seo\/ -->\n<title>OT - Kolmio Logistics<\/title>\n<meta name=\"robots\" content=\"index, follow, max-snippet:-1, max-image-preview:large, max-video-preview:-1\" \/>\n<link rel=\"canonical\" href=\"https:\/\/kolmiologistics.com\/en\/nuestras-empresas\/ot\/\" \/>\n<meta property=\"og:locale\" content=\"en_US\" \/>\n<meta property=\"og:type\" content=\"article\" \/>\n<meta property=\"og:title\" content=\"OT - Kolmio Logistics\" \/>\n<meta property=\"og:description\" content=\"Mejoramos el servicio de atenci\u00f3n a tus clientes, \u00a1siempre a tiempo! One Transport es un operador de transporte de carga LTL Dedicado, puerta a puerta, con operaciones en M\u00e9xico &#8211; USA, intra M\u00e9xico e intra USA. Cuenta con servicios expr\u00e9s, dedicados y ocasionales, a trav\u00e9s de unidades tipo Sprinters y Small Box Trucks. Los socios [&hellip;]\" \/>\n<meta property=\"og:url\" content=\"https:\/\/kolmiologistics.com\/en\/nuestras-empresas\/ot\/\" \/>\n<meta property=\"og:site_name\" content=\"Kolmio Logistics\" \/>\n<meta property=\"article:modified_time\" content=\"2023-06-08T20:12:04+00:00\" \/>\n<meta property=\"og:image\" content=\"https:\/\/kolmiologistics.com\/wp-content\/uploads\/2023\/04\/m_PORTADA-OT.jpg\" \/>\n<meta name=\"twitter:card\" content=\"summary_large_image\" \/>\n<meta name=\"twitter:label1\" content=\"Est. reading time\" \/>\n\t<meta name=\"twitter:data1\" content=\"3 minutes\" \/>\n<script type=\"application\/ld+json\" class=\"yoast-schema-graph\">{\"@context\":\"https:\/\/schema.org\",\"@graph\":[{\"@type\":\"WebPage\",\"@id\":\"https:\/\/kolmiologistics.com\/nuestras-empresas\/ot\/\",\"url\":\"https:\/\/kolmiologistics.com\/nuestras-empresas\/ot\/\",\"name\":\"OT - Kolmio Logistics\",\"isPartOf\":{\"@id\":\"https:\/\/kolmiologistics.com\/#website\"},\"datePublished\":\"2023-04-17T21:25:13+00:00\",\"dateModified\":\"2023-06-08T20:12:04+00:00\",\"breadcrumb\":{\"@id\":\"https:\/\/kolmiologistics.com\/nuestras-empresas\/ot\/#breadcrumb\"},\"inLanguage\":\"en-US\",\"potentialAction\":[{\"@type\":\"ReadAction\",\"target\":[\"https:\/\/kolmiologistics.com\/nuestras-empresas\/ot\/\"]}]},{\"@type\":\"BreadcrumbList\",\"@id\":\"https:\/\/kolmiologistics.com\/nuestras-empresas\/ot\/#breadcrumb\",\"itemListElement\":[{\"@type\":\"ListItem\",\"position\":1,\"name\":\"Portada\",\"item\":\"https:\/\/kolmiologistics.com\/\"},{\"@type\":\"ListItem\",\"position\":2,\"name\":\"Nuestras Empresas\",\"item\":\"https:\/\/kolmiologistics.com\/nuestras-empresas\/\"},{\"@type\":\"ListItem\",\"position\":3,\"name\":\"OT\"}]},{\"@type\":\"WebSite\",\"@id\":\"https:\/\/kolmiologistics.com\/#website\",\"url\":\"https:\/\/kolmiologistics.com\/\",\"name\":\"Kolmio Logistics\",\"description\":\"Believe us, we\u2019ve got you covered\",\"publisher\":{\"@id\":\"https:\/\/kolmiologistics.com\/#organization\"},\"potentialAction\":[{\"@type\":\"SearchAction\",\"target\":{\"@type\":\"EntryPoint\",\"urlTemplate\":\"https:\/\/kolmiologistics.com\/?s={search_term_string}\"},\"query-input\":\"required name=search_term_string\"}],\"inLanguage\":\"en-US\"},{\"@type\":\"Organization\",\"@id\":\"https:\/\/kolmiologistics.com\/#organization\",\"name\":\"Kolmio Logistics\",\"url\":\"https:\/\/kolmiologistics.com\/\",\"logo\":{\"@type\":\"ImageObject\",\"inLanguage\":\"en-US\",\"@id\":\"https:\/\/kolmiologistics.com\/#\/schema\/logo\/image\/\",\"url\":\"https:\/\/kolmiologistics.com\/wp-content\/uploads\/2023\/02\/Logo-temporal-Kolmio-Logistics.png\",\"contentUrl\":\"https:\/\/kolmiologistics.com\/wp-content\/uploads\/2023\/02\/Logo-temporal-Kolmio-Logistics.png\",\"width\":1428,\"height\":188,\"caption\":\"Kolmio Logistics\"},\"image\":{\"@id\":\"https:\/\/kolmiologistics.com\/#\/schema\/logo\/image\/\"}}]}<\/script>\n<!-- \/ Yoast SEO plugin. -->","yoast_head_json":{"title":"OT - Kolmio Logistics","robots":{"index":"index","follow":"follow","max-snippet":"max-snippet:-1","max-image-preview":"max-image-preview:large","max-video-preview":"max-video-preview:-1"},"canonical":"https:\/\/kolmiologistics.com\/en\/nuestras-empresas\/ot\/","og_locale":"en_US","og_type":"article","og_title":"OT - Kolmio Logistics","og_description":"Mejoramos el servicio de atenci\u00f3n a tus clientes, \u00a1siempre a tiempo! One Transport es un operador de transporte de carga LTL Dedicado, puerta a puerta, con operaciones en M\u00e9xico &#8211; USA, intra M\u00e9xico e intra USA. Cuenta con servicios expr\u00e9s, dedicados y ocasionales, a trav\u00e9s de unidades tipo Sprinters y Small Box Trucks. Los socios [&hellip;]","og_url":"https:\/\/kolmiologistics.com\/en\/nuestras-empresas\/ot\/","og_site_name":"Kolmio Logistics","article_modified_time":"2023-06-08T20:12:04+00:00","og_image":[{"url":"https:\/\/kolmiologistics.com\/wp-content\/uploads\/2023\/04\/m_PORTADA-OT.jpg"}],"twitter_card":"summary_large_image","twitter_misc":{"Est. reading time":"3 minutes"},"schema":{"@context":"https:\/\/schema.org","@graph":[{"@type":"WebPage","@id":"https:\/\/kolmiologistics.com\/nuestras-empresas\/ot\/","url":"https:\/\/kolmiologistics.com\/nuestras-empresas\/ot\/","name":"OT - Kolmio Logistics","isPartOf":{"@id":"https:\/\/kolmiologistics.com\/#website"},"datePublished":"2023-04-17T21:25:13+00:00","dateModified":"2023-06-08T20:12:04+00:00","breadcrumb":{"@id":"https:\/\/kolmiologistics.com\/nuestras-empresas\/ot\/#breadcrumb"},"inLanguage":"en-US","potentialAction":[{"@type":"ReadAction","target":["https:\/\/kolmiologistics.com\/nuestras-empresas\/ot\/"]}]},{"@type":"BreadcrumbList","@id":"https:\/\/kolmiologistics.com\/nuestras-empresas\/ot\/#breadcrumb","itemListElement":[{"@type":"ListItem","position":1,"name":"Portada","item":"https:\/\/kolmiologistics.com\/"},{"@type":"ListItem","position":2,"name":"Nuestras Empresas","item":"https:\/\/kolmiologistics.com\/nuestras-empresas\/"},{"@type":"ListItem","position":3,"name":"OT"}]},{"@type":"WebSite","@id":"https:\/\/kolmiologistics.com\/#website","url":"https:\/\/kolmiologistics.com\/","name":"Kolmio Logistics","description":"Believe us, we\u2019ve got you covered","publisher":{"@id":"https:\/\/kolmiologistics.com\/#organization"},"potentialAction":[{"@type":"SearchAction","target":{"@type":"EntryPoint","urlTemplate":"https:\/\/kolmiologistics.com\/?s={search_term_string}"},"query-input":"required name=search_term_string"}],"inLanguage":"en-US"},{"@type":"Organization","@id":"https:\/\/kolmiologistics.com\/#organization","name":"Kolmio Logistics","url":"https:\/\/kolmiologistics.com\/","logo":{"@type":"ImageObject","inLanguage":"en-US","@id":"https:\/\/kolmiologistics.com\/#\/schema\/logo\/image\/","url":"https:\/\/kolmiologistics.com\/wp-content\/uploads\/2023\/02\/Logo-temporal-Kolmio-Logistics.png","contentUrl":"https:\/\/kolmiologistics.com\/wp-content\/uploads\/2023\/02\/Logo-temporal-Kolmio-Logistics.png","width":1428,"height":188,"caption":"Kolmio Logistics"},"image":{"@id":"https:\/\/kolmiologistics.com\/#\/schema\/logo\/image\/"}}]}},"_links":{"self":[{"href":"https:\/\/kolmiologistics.com\/en\/wp-json\/wp\/v2\/pages\/2170"}],"collection":[{"href":"https:\/\/kolmiologistics.com\/en\/wp-json\/wp\/v2\/pages"}],"about":[{"href":"https:\/\/kolmiologistics.com\/en\/wp-json\/wp\/v2\/types\/page"}],"author":[{"embeddable":true,"href":"https:\/\/kolmiologistics.com\/en\/wp-json\/wp\/v2\/users\/1"}],"replies":[{"embeddable":true,"href":"https:\/\/kolmiologistics.com\/en\/wp-json\/wp\/v2\/comments?post=2170"}],"version-history":[{"count":7,"href":"https:\/\/kolmiologistics.com\/en\/wp-json\/wp\/v2\/pages\/2170\/revisions"}],"predecessor-version":[{"id":2334,"href":"https:\/\/kolmiologistics.com\/en\/wp-json\/wp\/v2\/pages\/2170\/revisions\/2334"}],"up":[{"embeddable":true,"href":"https:\/\/kolmiologistics.com\/en\/wp-json\/wp\/v2\/pages\/2164"}],"wp:attachment":[{"href":"https:\/\/kolmiologistics.com\/en\/wp-json\/wp\/v2\/media?parent=2170"}],"curies":[{"name":"wp","href":"https:\/\/api.w.org\/{rel}","templated":true}]}}