{"id":2168,"date":"2023-04-17T21:24:59","date_gmt":"2023-04-17T21:24:59","guid":{"rendered":"https:\/\/kolmiologistics.com\/?page_id=2168"},"modified":"2023-06-08T20:10:14","modified_gmt":"2023-06-08T20:10:14","slug":"tll","status":"publish","type":"page","link":"https:\/\/kolmiologistics.com\/en\/nuestras-empresas\/tll\/","title":{"rendered":"TLL"},"content":{"rendered":"<div data-elementor-type=\"wp-page\" data-elementor-id=\"2168\" class=\"elementor elementor-2168\">\n\t\t\t\t\t\t\t\t\t<section class=\"elementor-section elementor-top-section elementor-element elementor-element-d287493 elementor-section-full_width elementor-section-height-default elementor-section-height-default\" data-id=\"d287493\" data-element_type=\"section\" data-settings=\"{&quot;jet_parallax_layout_list&quot;:[],&quot;background_background&quot;:&quot;classic&quot;}\">\n\t\t\t\t\t\t<div class=\"elementor-container elementor-column-gap-no\">\n\t\t\t\t\t<div class=\"elementor-column elementor-col-100 elementor-top-column elementor-element elementor-element-923f5a3\" data-id=\"923f5a3\" data-element_type=\"column\">\n\t\t\t<div class=\"elementor-widget-wrap elementor-element-populated\">\n\t\t\t\t\t\t\t\t<div class=\"elementor-element elementor-element-84f2538 elementor-widget elementor-widget-image\" data-id=\"84f2538\" data-element_type=\"widget\" data-widget_type=\"image.default\">\n\t\t\t\t<div class=\"elementor-widget-container\">\n\t\t\t<style>\/*! elementor - v3.13.3 - 28-05-2023 *\/\n.elementor-widget-image{text-align:center}.elementor-widget-image a{display:inline-block}.elementor-widget-image a img[src$=\".svg\"]{width:48px}.elementor-widget-image img{vertical-align:middle;display:inline-block}<\/style>\t\t\t\t\t\t\t\t\t\t\t\t<img decoding=\"async\" width=\"1600\" height=\"625\" src=\"https:\/\/kolmiologistics.com\/wp-content\/uploads\/2023\/04\/m_PORTADA-TLL.jpg\" class=\"attachment-full size-full wp-image-2182\" alt=\"\" loading=\"lazy\" srcset=\"https:\/\/kolmiologistics.com\/wp-content\/uploads\/2023\/04\/m_PORTADA-TLL.jpg 1600w, https:\/\/kolmiologistics.com\/wp-content\/uploads\/2023\/04\/m_PORTADA-TLL-300x117.jpg 300w, https:\/\/kolmiologistics.com\/wp-content\/uploads\/2023\/04\/m_PORTADA-TLL-1024x400.jpg 1024w, https:\/\/kolmiologistics.com\/wp-content\/uploads\/2023\/04\/m_PORTADA-TLL-768x300.jpg 768w, https:\/\/kolmiologistics.com\/wp-content\/uploads\/2023\/04\/m_PORTADA-TLL-1536x600.jpg 1536w\" sizes=\"(max-width: 1600px) 100vw, 1600px\" \/>\t\t\t\t\t\t\t\t\t\t\t\t\t\t\t<\/div>\n\t\t\t\t<\/div>\n\t\t\t\t\t<\/div>\n\t\t<\/div>\n\t\t\t\t\t\t\t<\/div>\n\t\t<\/section>\n\t\t\t\t<section class=\"elementor-section elementor-top-section elementor-element elementor-element-11a4d75 elementor-section-boxed elementor-section-height-default elementor-section-height-default\" data-id=\"11a4d75\" data-element_type=\"section\" data-settings=\"{&quot;jet_parallax_layout_list&quot;:[]}\" data-no-translation=\"\">\n\t\t\t\t\t\t<div class=\"elementor-container elementor-column-gap-default\">\n\t\t\t\t\t<div class=\"elementor-column elementor-col-50 elementor-top-column elementor-element elementor-element-41efa55\" data-id=\"41efa55\" data-element_type=\"column\">\n\t\t\t<div class=\"elementor-widget-wrap elementor-element-populated\">\n\t\t\t\t\t\t\t\t<div class=\"elementor-element elementor-element-bd7263d elementor-widget elementor-widget-heading\" data-id=\"bd7263d\" data-element_type=\"widget\" data-widget_type=\"heading.default\">\n\t\t\t\t<div class=\"elementor-widget-container\">\n\t\t\t<h3 class=\"elementor-heading-title elementor-size-default\">We reduce your company\u2019s overall operation costs, \u00a1Call Us!\n\n\n<\/h3>\t\t<\/div>\n\t\t\t\t<\/div>\n\t\t\t\t\t<\/div>\n\t\t<\/div>\n\t\t\t\t<div class=\"elementor-column elementor-col-50 elementor-top-column elementor-element elementor-element-6fdcb52\" data-id=\"6fdcb52\" data-element_type=\"column\">\n\t\t\t<div class=\"elementor-widget-wrap elementor-element-populated\">\n\t\t\t\t\t\t\t\t<div class=\"elementor-element elementor-element-4161312 elementor-widget elementor-widget-text-editor\" data-id=\"4161312\" data-element_type=\"widget\" data-widget_type=\"text-editor.default\">\n\t\t\t\t<div class=\"elementor-widget-container\">\n\t\t\t\t\t\t\t<p><b>TLL <\/b><b>Log\u00edstica<\/b><b> is a cargo transportation company with logistics operations for door-to-door movements of FTL and LTL cargo within Mexico, with CTPAT certification. It offers dedicated and spot, &#8216;drop &amp; hook&#8217;, scheduled, and express services. In addition to storage solutions (consolidation, de-consolidation), and other added <\/b><b>calue<\/b><b> functions.<\/b><\/p><p>The executing partners are specialized AAA service providers, and the transfers have proactive cargo satellite tracking, and an analysis of the behavior of the operation to find improvements in the process.<\/p>\t\t\t\t\t\t<\/div>\n\t\t\t\t<\/div>\n\t\t\t\t\t<\/div>\n\t\t<\/div>\n\t\t\t\t\t\t\t<\/div>\n\t\t<\/section>\n\t\t\t\t<section class=\"elementor-section elementor-top-section elementor-element elementor-element-54296eb elementor-section-boxed elementor-section-height-default elementor-section-height-default\" data-id=\"54296eb\" data-element_type=\"section\" data-settings=\"{&quot;jet_parallax_layout_list&quot;:[]}\" data-no-translation=\"\">\n\t\t\t\t\t\t<div class=\"elementor-container elementor-column-gap-default\">\n\t\t\t\t\t<div class=\"elementor-column elementor-col-50 elementor-top-column elementor-element elementor-element-fa16486\" data-id=\"fa16486\" data-element_type=\"column\">\n\t\t\t<div class=\"elementor-widget-wrap elementor-element-populated\">\n\t\t\t\t\t\t\t\t<div class=\"elementor-element elementor-element-7f1eb3a elementor-widget elementor-widget-text-editor\" data-id=\"7f1eb3a\" data-element_type=\"widget\" data-widget_type=\"text-editor.default\">\n\t\t\t\t<div class=\"elementor-widget-container\">\n\t\t\t\t\t\t\t<p><b>The following are the services we offer:<\/b><\/p><ul><li>FTL cargo services with AAA providers (dedicated and spot) Mexico &#8211; USA \u2013 Canada<\/li><li>\u201cDrop &amp; Hook\u201d services<\/li><li>Warehousing services (consolidation, deconsolidation y added value services)<\/li><li>Expedited services<\/li><li>Proactive satellite tracking<\/li><li>Analysis of operational behavior<\/li><\/ul>\t\t\t\t\t\t<\/div>\n\t\t\t\t<\/div>\n\t\t\t\t\t<\/div>\n\t\t<\/div>\n\t\t\t\t<div class=\"elementor-column elementor-col-50 elementor-top-column elementor-element elementor-element-0beb1b1\" data-id=\"0beb1b1\" data-element_type=\"column\" data-settings=\"{&quot;background_background&quot;:&quot;classic&quot;}\">\n\t\t\t<div class=\"elementor-widget-wrap elementor-element-populated\">\n\t\t\t\t\t\t\t\t<div class=\"elementor-element elementor-element-5aeee05 elementor-widget elementor-widget-heading\" data-id=\"5aeee05\" data-element_type=\"widget\" data-widget_type=\"heading.default\">\n\t\t\t\t<div class=\"elementor-widget-container\">\n\t\t\t<h3 class=\"elementor-heading-title elementor-size-default\">TLL Log\u00edstica, is part of the Kolmio Group, an Integrating Platform for Logistics Solutions for the Supply Chain level at 3PL+.\n\n\n\n\n<\/h3>\t\t<\/div>\n\t\t\t\t<\/div>\n\t\t\t\t\t<\/div>\n\t\t<\/div>\n\t\t\t\t\t\t\t<\/div>\n\t\t<\/section>\n\t\t\t\t<section class=\"elementor-section elementor-top-section elementor-element elementor-element-02c3744 elementor-section-boxed elementor-section-height-default elementor-section-height-default\" data-id=\"02c3744\" data-element_type=\"section\" data-settings=\"{&quot;jet_parallax_layout_list&quot;:[]}\">\n\t\t\t\t\t\t<div class=\"elementor-container elementor-column-gap-default\">\n\t\t\t\t\t<div class=\"elementor-column elementor-col-100 elementor-top-column elementor-element elementor-element-6279383\" data-id=\"6279383\" data-element_type=\"column\">\n\t\t\t<div class=\"elementor-widget-wrap elementor-element-populated\">\n\t\t\t\t\t\t\t\t<div class=\"elementor-element elementor-element-ca4d255 elementor-widget elementor-widget-heading\" data-id=\"ca4d255\" data-element_type=\"widget\" data-no-translation=\"\" data-widget_type=\"heading.default\">\n\t\t\t\t<div class=\"elementor-widget-container\">\n\t\t\t<style>.elementor-element-ca4d255{display:none !important}<\/style>\t\t<\/div>\n\t\t\t\t<\/div>\n\t\t\t\t<div class=\"elementor-element elementor-element-189d7fb elementor-widget elementor-widget-heading\" data-id=\"189d7fb\" data-element_type=\"widget\" data-no-translation=\"\" data-widget_type=\"heading.default\">\n\t\t\t\t<div class=\"elementor-widget-container\">\n\t\t\t<h3 class=\"elementor-heading-title elementor-size-default\">Let us help you, we are experts in reducing our clients\u2019 overall operation costs.\n\n<\/h3>\t\t<\/div>\n\t\t\t\t<\/div>\n\t\t\t\t\t<\/div>\n\t\t<\/div>\n\t\t\t\t\t\t\t<\/div>\n\t\t<\/section>\n\t\t\t\t<section class=\"elementor-section elementor-top-section elementor-element elementor-element-fad6cbb elementor-section-full_width elementor-section-height-default elementor-section-height-default\" data-id=\"fad6cbb\" data-element_type=\"section\" data-settings=\"{&quot;jet_parallax_layout_list&quot;:[],&quot;background_background&quot;:&quot;classic&quot;}\">\n\t\t\t\t\t\t<div class=\"elementor-container elementor-column-gap-no\">\n\t\t\t\t\t<div class=\"elementor-column elementor-col-100 elementor-top-column elementor-element elementor-element-68f4def\" data-id=\"68f4def\" data-element_type=\"column\">\n\t\t\t<div class=\"elementor-widget-wrap elementor-element-populated\">\n\t\t\t\t\t\t\t\t<div class=\"elementor-element elementor-element-611d77e elementor-widget elementor-widget-image\" data-id=\"611d77e\" data-element_type=\"widget\" data-widget_type=\"image.default\">\n\t\t\t\t<div class=\"elementor-widget-container\">\n\t\t\t\t\t\t\t\t\t\t\t\t\t\t\t<img decoding=\"async\" width=\"400\" height=\"77\" src=\"https:\/\/kolmiologistics.com\/wp-content\/uploads\/2023\/03\/tll.png\" class=\"attachment-full size-full wp-image-2081\" alt=\"\" loading=\"lazy\" srcset=\"https:\/\/kolmiologistics.com\/wp-content\/uploads\/2023\/03\/tll.png 400w, https:\/\/kolmiologistics.com\/wp-content\/uploads\/2023\/03\/tll-300x58.png 300w\" sizes=\"(max-width: 400px) 100vw, 400px\" \/>\t\t\t\t\t\t\t\t\t\t\t\t\t\t\t<\/div>\n\t\t\t\t<\/div>\n\t\t\t\t<div class=\"elementor-element elementor-element-c1cac59 elementor-widget elementor-widget-image\" data-id=\"c1cac59\" data-element_type=\"widget\" data-widget_type=\"image.default\">\n\t\t\t\t<div class=\"elementor-widget-container\">\n\t\t\t\t\t\t\t\t\t\t\t\t\t\t\t<img decoding=\"async\" width=\"1600\" height=\"900\" src=\"https:\/\/kolmiologistics.com\/wp-content\/uploads\/2023\/04\/m_Collage-TLL.jpg\" class=\"attachment-full size-full wp-image-2192\" alt=\"\" loading=\"lazy\" srcset=\"https:\/\/kolmiologistics.com\/wp-content\/uploads\/2023\/04\/m_Collage-TLL.jpg 1600w, https:\/\/kolmiologistics.com\/wp-content\/uploads\/2023\/04\/m_Collage-TLL-300x169.jpg 300w, https:\/\/kolmiologistics.com\/wp-content\/uploads\/2023\/04\/m_Collage-TLL-1024x576.jpg 1024w, https:\/\/kolmiologistics.com\/wp-content\/uploads\/2023\/04\/m_Collage-TLL-768x432.jpg 768w, https:\/\/kolmiologistics.com\/wp-content\/uploads\/2023\/04\/m_Collage-TLL-1536x864.jpg 1536w\" sizes=\"(max-width: 1600px) 100vw, 1600px\" \/>\t\t\t\t\t\t\t\t\t\t\t\t\t\t\t<\/div>\n\t\t\t\t<\/div>\n\t\t\t\t\t<\/div>\n\t\t<\/div>\n\t\t\t\t\t\t\t<\/div>\n\t\t<\/section>\n\t\t\t\t\t\t\t<\/div>","protected":false},"excerpt":{"rendered":"<p>Reducimos el costo integrado total de tu operaci\u00f3n, \u00a1ll\u00e1manos! TLL Log\u00edstica es una empresa de transporte de carga con operaciones log\u00edsticas para movimientos puerta a puerta, de carga FTL y LTL intra M\u00e9xico, con certificaci\u00f3n CTPAT. Ofrece servicios dedicados y spot, \u2018drop &amp; hook\u2019, programados y express. Adem\u00e1s de soluciones de almacenamiento (consolidaci\u00f3n, des-consolidaci\u00f3n), y [&hellip;]<\/p>","protected":false},"author":1,"featured_media":0,"parent":2164,"menu_order":2,"comment_status":"closed","ping_status":"closed","template":"","meta":[],"yoast_head":"<!-- This site is optimized with the Yoast SEO plugin v20.13 - https:\/\/yoast.com\/wordpress\/plugins\/seo\/ -->\n<title>TLL - Kolmio Logistics<\/title>\n<meta name=\"robots\" content=\"index, follow, max-snippet:-1, max-image-preview:large, max-video-preview:-1\" \/>\n<link rel=\"canonical\" href=\"https:\/\/kolmiologistics.com\/en\/nuestras-empresas\/tll\/\" \/>\n<meta property=\"og:locale\" content=\"en_US\" \/>\n<meta property=\"og:type\" content=\"article\" \/>\n<meta property=\"og:title\" content=\"TLL - Kolmio Logistics\" \/>\n<meta property=\"og:description\" content=\"Reducimos el costo integrado total de tu operaci\u00f3n, \u00a1ll\u00e1manos! TLL Log\u00edstica es una empresa de transporte de carga con operaciones log\u00edsticas para movimientos puerta a puerta, de carga FTL y LTL intra M\u00e9xico, con certificaci\u00f3n CTPAT. Ofrece servicios dedicados y spot, \u2018drop &amp; hook\u2019, programados y express. Adem\u00e1s de soluciones de almacenamiento (consolidaci\u00f3n, des-consolidaci\u00f3n), y [&hellip;]\" \/>\n<meta property=\"og:url\" content=\"https:\/\/kolmiologistics.com\/en\/nuestras-empresas\/tll\/\" \/>\n<meta property=\"og:site_name\" content=\"Kolmio Logistics\" \/>\n<meta property=\"article:modified_time\" content=\"2023-06-08T20:10:14+00:00\" \/>\n<meta property=\"og:image\" content=\"https:\/\/kolmiologistics.com\/wp-content\/uploads\/2023\/04\/m_PORTADA-TLL.jpg\" \/>\n<meta name=\"twitter:card\" content=\"summary_large_image\" \/>\n<meta name=\"twitter:label1\" content=\"Est. reading time\" \/>\n\t<meta name=\"twitter:data1\" content=\"3 minutes\" \/>\n<script type=\"application\/ld+json\" class=\"yoast-schema-graph\">{\"@context\":\"https:\/\/schema.org\",\"@graph\":[{\"@type\":\"WebPage\",\"@id\":\"https:\/\/kolmiologistics.com\/nuestras-empresas\/tll\/\",\"url\":\"https:\/\/kolmiologistics.com\/nuestras-empresas\/tll\/\",\"name\":\"TLL - Kolmio Logistics\",\"isPartOf\":{\"@id\":\"https:\/\/kolmiologistics.com\/#website\"},\"datePublished\":\"2023-04-17T21:24:59+00:00\",\"dateModified\":\"2023-06-08T20:10:14+00:00\",\"breadcrumb\":{\"@id\":\"https:\/\/kolmiologistics.com\/nuestras-empresas\/tll\/#breadcrumb\"},\"inLanguage\":\"en-US\",\"potentialAction\":[{\"@type\":\"ReadAction\",\"target\":[\"https:\/\/kolmiologistics.com\/nuestras-empresas\/tll\/\"]}]},{\"@type\":\"BreadcrumbList\",\"@id\":\"https:\/\/kolmiologistics.com\/nuestras-empresas\/tll\/#breadcrumb\",\"itemListElement\":[{\"@type\":\"ListItem\",\"position\":1,\"name\":\"Portada\",\"item\":\"https:\/\/kolmiologistics.com\/\"},{\"@type\":\"ListItem\",\"position\":2,\"name\":\"Nuestras Empresas\",\"item\":\"https:\/\/kolmiologistics.com\/nuestras-empresas\/\"},{\"@type\":\"ListItem\",\"position\":3,\"name\":\"TLL\"}]},{\"@type\":\"WebSite\",\"@id\":\"https:\/\/kolmiologistics.com\/#website\",\"url\":\"https:\/\/kolmiologistics.com\/\",\"name\":\"Kolmio Logistics\",\"description\":\"Believe us, we\u2019ve got you covered\",\"publisher\":{\"@id\":\"https:\/\/kolmiologistics.com\/#organization\"},\"potentialAction\":[{\"@type\":\"SearchAction\",\"target\":{\"@type\":\"EntryPoint\",\"urlTemplate\":\"https:\/\/kolmiologistics.com\/?s={search_term_string}\"},\"query-input\":\"required name=search_term_string\"}],\"inLanguage\":\"en-US\"},{\"@type\":\"Organization\",\"@id\":\"https:\/\/kolmiologistics.com\/#organization\",\"name\":\"Kolmio Logistics\",\"url\":\"https:\/\/kolmiologistics.com\/\",\"logo\":{\"@type\":\"ImageObject\",\"inLanguage\":\"en-US\",\"@id\":\"https:\/\/kolmiologistics.com\/#\/schema\/logo\/image\/\",\"url\":\"https:\/\/kolmiologistics.com\/wp-content\/uploads\/2023\/02\/Logo-temporal-Kolmio-Logistics.png\",\"contentUrl\":\"https:\/\/kolmiologistics.com\/wp-content\/uploads\/2023\/02\/Logo-temporal-Kolmio-Logistics.png\",\"width\":1428,\"height\":188,\"caption\":\"Kolmio Logistics\"},\"image\":{\"@id\":\"https:\/\/kolmiologistics.com\/#\/schema\/logo\/image\/\"}}]}<\/script>\n<!-- \/ Yoast SEO plugin. -->","yoast_head_json":{"title":"TLL - Kolmio Logistics","robots":{"index":"index","follow":"follow","max-snippet":"max-snippet:-1","max-image-preview":"max-image-preview:large","max-video-preview":"max-video-preview:-1"},"canonical":"https:\/\/kolmiologistics.com\/en\/nuestras-empresas\/tll\/","og_locale":"en_US","og_type":"article","og_title":"TLL - Kolmio Logistics","og_description":"Reducimos el costo integrado total de tu operaci\u00f3n, \u00a1ll\u00e1manos! TLL Log\u00edstica es una empresa de transporte de carga con operaciones log\u00edsticas para movimientos puerta a puerta, de carga FTL y LTL intra M\u00e9xico, con certificaci\u00f3n CTPAT. Ofrece servicios dedicados y spot, \u2018drop &amp; hook\u2019, programados y express. Adem\u00e1s de soluciones de almacenamiento (consolidaci\u00f3n, des-consolidaci\u00f3n), y [&hellip;]","og_url":"https:\/\/kolmiologistics.com\/en\/nuestras-empresas\/tll\/","og_site_name":"Kolmio Logistics","article_modified_time":"2023-06-08T20:10:14+00:00","og_image":[{"url":"https:\/\/kolmiologistics.com\/wp-content\/uploads\/2023\/04\/m_PORTADA-TLL.jpg"}],"twitter_card":"summary_large_image","twitter_misc":{"Est. reading time":"3 minutes"},"schema":{"@context":"https:\/\/schema.org","@graph":[{"@type":"WebPage","@id":"https:\/\/kolmiologistics.com\/nuestras-empresas\/tll\/","url":"https:\/\/kolmiologistics.com\/nuestras-empresas\/tll\/","name":"TLL - Kolmio Logistics","isPartOf":{"@id":"https:\/\/kolmiologistics.com\/#website"},"datePublished":"2023-04-17T21:24:59+00:00","dateModified":"2023-06-08T20:10:14+00:00","breadcrumb":{"@id":"https:\/\/kolmiologistics.com\/nuestras-empresas\/tll\/#breadcrumb"},"inLanguage":"en-US","potentialAction":[{"@type":"ReadAction","target":["https:\/\/kolmiologistics.com\/nuestras-empresas\/tll\/"]}]},{"@type":"BreadcrumbList","@id":"https:\/\/kolmiologistics.com\/nuestras-empresas\/tll\/#breadcrumb","itemListElement":[{"@type":"ListItem","position":1,"name":"Portada","item":"https:\/\/kolmiologistics.com\/"},{"@type":"ListItem","position":2,"name":"Nuestras Empresas","item":"https:\/\/kolmiologistics.com\/nuestras-empresas\/"},{"@type":"ListItem","position":3,"name":"TLL"}]},{"@type":"WebSite","@id":"https:\/\/kolmiologistics.com\/#website","url":"https:\/\/kolmiologistics.com\/","name":"Kolmio Logistics","description":"Believe us, we\u2019ve got you covered","publisher":{"@id":"https:\/\/kolmiologistics.com\/#organization"},"potentialAction":[{"@type":"SearchAction","target":{"@type":"EntryPoint","urlTemplate":"https:\/\/kolmiologistics.com\/?s={search_term_string}"},"query-input":"required name=search_term_string"}],"inLanguage":"en-US"},{"@type":"Organization","@id":"https:\/\/kolmiologistics.com\/#organization","name":"Kolmio Logistics","url":"https:\/\/kolmiologistics.com\/","logo":{"@type":"ImageObject","inLanguage":"en-US","@id":"https:\/\/kolmiologistics.com\/#\/schema\/logo\/image\/","url":"https:\/\/kolmiologistics.com\/wp-content\/uploads\/2023\/02\/Logo-temporal-Kolmio-Logistics.png","contentUrl":"https:\/\/kolmiologistics.com\/wp-content\/uploads\/2023\/02\/Logo-temporal-Kolmio-Logistics.png","width":1428,"height":188,"caption":"Kolmio Logistics"},"image":{"@id":"https:\/\/kolmiologistics.com\/#\/schema\/logo\/image\/"}}]}},"_links":{"self":[{"href":"https:\/\/kolmiologistics.com\/en\/wp-json\/wp\/v2\/pages\/2168"}],"collection":[{"href":"https:\/\/kolmiologistics.com\/en\/wp-json\/wp\/v2\/pages"}],"about":[{"href":"https:\/\/kolmiologistics.com\/en\/wp-json\/wp\/v2\/types\/page"}],"author":[{"embeddable":true,"href":"https:\/\/kolmiologistics.com\/en\/wp-json\/wp\/v2\/users\/1"}],"replies":[{"embeddable":true,"href":"https:\/\/kolmiologistics.com\/en\/wp-json\/wp\/v2\/comments?post=2168"}],"version-history":[{"count":7,"href":"https:\/\/kolmiologistics.com\/en\/wp-json\/wp\/v2\/pages\/2168\/revisions"}],"predecessor-version":[{"id":2331,"href":"https:\/\/kolmiologistics.com\/en\/wp-json\/wp\/v2\/pages\/2168\/revisions\/2331"}],"up":[{"embeddable":true,"href":"https:\/\/kolmiologistics.com\/en\/wp-json\/wp\/v2\/pages\/2164"}],"wp:attachment":[{"href":"https:\/\/kolmiologistics.com\/en\/wp-json\/wp\/v2\/media?parent=2168"}],"curies":[{"name":"wp","href":"https:\/\/api.w.org\/{rel}","templated":true}]}}