{"id":2166,"date":"2023-04-17T21:24:46","date_gmt":"2023-04-17T21:24:46","guid":{"rendered":"https:\/\/kolmiologistics.com\/?page_id=2166"},"modified":"2023-06-08T20:08:22","modified_gmt":"2023-06-08T20:08:22","slug":"efh","status":"publish","type":"page","link":"https:\/\/kolmiologistics.com\/en\/nuestras-empresas\/efh\/","title":{"rendered":"EFH"},"content":{"rendered":"<div data-elementor-type=\"wp-page\" data-elementor-id=\"2166\" class=\"elementor elementor-2166\">\n\t\t\t\t\t\t\t\t\t<section class=\"elementor-section elementor-top-section elementor-element elementor-element-7856474 elementor-section-full_width elementor-section-height-default elementor-section-height-default\" data-id=\"7856474\" data-element_type=\"section\" data-settings=\"{&quot;jet_parallax_layout_list&quot;:[],&quot;background_background&quot;:&quot;classic&quot;}\">\n\t\t\t\t\t\t<div class=\"elementor-container elementor-column-gap-no\">\n\t\t\t\t\t<div class=\"elementor-column elementor-col-100 elementor-top-column elementor-element elementor-element-a3f14cf\" data-id=\"a3f14cf\" data-element_type=\"column\">\n\t\t\t<div class=\"elementor-widget-wrap elementor-element-populated\">\n\t\t\t\t\t\t\t\t<div class=\"elementor-element elementor-element-c914e57 elementor-widget elementor-widget-image\" data-id=\"c914e57\" data-element_type=\"widget\" data-widget_type=\"image.default\">\n\t\t\t\t<div class=\"elementor-widget-container\">\n\t\t\t<style>\/*! elementor - v3.13.3 - 28-05-2023 *\/\n.elementor-widget-image{text-align:center}.elementor-widget-image a{display:inline-block}.elementor-widget-image a img[src$=\".svg\"]{width:48px}.elementor-widget-image img{vertical-align:middle;display:inline-block}<\/style>\t\t\t\t\t\t\t\t\t\t\t\t<img decoding=\"async\" width=\"1600\" height=\"625\" src=\"https:\/\/kolmiologistics.com\/wp-content\/uploads\/2023\/04\/m_PORTADA-EFH.jpg\" class=\"attachment-full size-full wp-image-2180\" alt=\"\" loading=\"lazy\" srcset=\"https:\/\/kolmiologistics.com\/wp-content\/uploads\/2023\/04\/m_PORTADA-EFH.jpg 1600w, https:\/\/kolmiologistics.com\/wp-content\/uploads\/2023\/04\/m_PORTADA-EFH-300x117.jpg 300w, https:\/\/kolmiologistics.com\/wp-content\/uploads\/2023\/04\/m_PORTADA-EFH-1024x400.jpg 1024w, https:\/\/kolmiologistics.com\/wp-content\/uploads\/2023\/04\/m_PORTADA-EFH-768x300.jpg 768w, https:\/\/kolmiologistics.com\/wp-content\/uploads\/2023\/04\/m_PORTADA-EFH-1536x600.jpg 1536w\" sizes=\"(max-width: 1600px) 100vw, 1600px\" \/>\t\t\t\t\t\t\t\t\t\t\t\t\t\t\t<\/div>\n\t\t\t\t<\/div>\n\t\t\t\t\t<\/div>\n\t\t<\/div>\n\t\t\t\t\t\t\t<\/div>\n\t\t<\/section>\n\t\t\t\t<section class=\"elementor-section elementor-top-section elementor-element elementor-element-67be170 elementor-section-boxed elementor-section-height-default elementor-section-height-default\" data-id=\"67be170\" data-element_type=\"section\" data-settings=\"{&quot;jet_parallax_layout_list&quot;:[]}\" data-no-translation=\"\">\n\t\t\t\t\t\t<div class=\"elementor-container elementor-column-gap-default\">\n\t\t\t\t\t<div class=\"elementor-column elementor-col-50 elementor-top-column elementor-element elementor-element-201713f\" data-id=\"201713f\" data-element_type=\"column\">\n\t\t\t<div class=\"elementor-widget-wrap elementor-element-populated\">\n\t\t\t\t\t\t\t\t<div class=\"elementor-element elementor-element-df40b33 elementor-widget elementor-widget-heading\" data-id=\"df40b33\" data-element_type=\"widget\" data-widget_type=\"heading.default\">\n\t\t\t\t<div class=\"elementor-widget-container\">\n\t\t\t<h3 class=\"elementor-heading-title elementor-size-default\">We accelerate your company\u2019s Cash Conversion Cycle\n\n\n<\/h3>\t\t<\/div>\n\t\t\t\t<\/div>\n\t\t\t\t\t<\/div>\n\t\t<\/div>\n\t\t\t\t<div class=\"elementor-column elementor-col-50 elementor-top-column elementor-element elementor-element-dbdeca4\" data-id=\"dbdeca4\" data-element_type=\"column\">\n\t\t\t<div class=\"elementor-widget-wrap elementor-element-populated\">\n\t\t\t\t\t\t\t\t<div class=\"elementor-element elementor-element-8149230 elementor-widget elementor-widget-text-editor\" data-id=\"8149230\" data-element_type=\"widget\" data-widget_type=\"text-editor.default\">\n\t\t\t\t<div class=\"elementor-widget-container\">\n\t\t\t\t\t\t\t<p><b>EFH Global is an international logistics operator for door-to-door cargo movements FTL and LTL (TMEC) Mexico &#8211; USA &#8211; Canada, Central America, intra USA, intra Canada. The services can be dedicated and spot, &#8216;drop &amp; hook&#8217;, programmed, or express. In addition to storage solutions (consolidation, de-consolidation), and other added value functions.<\/b><\/p><p><b>EFH <\/b>offers patented border crossing and customs management services for import-export processes with Mexico and complies with CTPAT regulations.<\/p><p>The executing partners are specialized AAA service providers, and the transfers have proactive cargo satellite tracking, and an analysis of the behavior of the operation to find improvements in the process.<\/p>\t\t\t\t\t\t<\/div>\n\t\t\t\t<\/div>\n\t\t\t\t\t<\/div>\n\t\t<\/div>\n\t\t\t\t\t\t\t<\/div>\n\t\t<\/section>\n\t\t\t\t<section class=\"elementor-section elementor-top-section elementor-element elementor-element-5109e04 elementor-section-boxed elementor-section-height-default elementor-section-height-default\" data-id=\"5109e04\" data-element_type=\"section\" data-settings=\"{&quot;jet_parallax_layout_list&quot;:[]}\" data-no-translation=\"\">\n\t\t\t\t\t\t<div class=\"elementor-container elementor-column-gap-default\">\n\t\t\t\t\t<div class=\"elementor-column elementor-col-50 elementor-top-column elementor-element elementor-element-5eb989c\" data-id=\"5eb989c\" data-element_type=\"column\">\n\t\t\t<div class=\"elementor-widget-wrap elementor-element-populated\">\n\t\t\t\t\t\t\t\t<div class=\"elementor-element elementor-element-07fe001 elementor-widget elementor-widget-text-editor\" data-id=\"07fe001\" data-element_type=\"widget\" data-widget_type=\"text-editor.default\">\n\t\t\t\t<div class=\"elementor-widget-container\">\n\t\t\t\t\t\t\t<p><b>The following are the services we offer<\/b><b>:<\/b><\/p><ul><li>FTL cargo services with AAA providers (dedicated and spot) Mexico &#8211; USA \u2013 Canada<\/li><li>\u201cDrop &amp; Hook\u201d services<\/li><li>Warehousing services (consolidation, deconsolidation y added value services)<\/li><li>Expedited services<\/li><li>Proactive satellite tracking<\/li><li>Analysis of operational behavior<\/li><li><i>Cross Border services<\/i><\/li><li><i>Customs Brokerage <\/i><i>(<\/i><i>Patent<\/i><i> 3073), Cd. M\u00e9xico, AICM, P<\/i><i>ort of<\/i><i> Veracruz, <\/i><i>Nvo<\/i><i> Laredo, Juarez y <\/i><i>Port of<\/i> <i>Progreso<\/i><\/li><\/ul>\t\t\t\t\t\t<\/div>\n\t\t\t\t<\/div>\n\t\t\t\t\t<\/div>\n\t\t<\/div>\n\t\t\t\t<div class=\"elementor-column elementor-col-50 elementor-top-column elementor-element elementor-element-bcfdc1c\" data-id=\"bcfdc1c\" data-element_type=\"column\" data-settings=\"{&quot;background_background&quot;:&quot;classic&quot;}\">\n\t\t\t<div class=\"elementor-widget-wrap elementor-element-populated\">\n\t\t\t\t\t\t\t\t<div class=\"elementor-element elementor-element-4da6f3e elementor-widget elementor-widget-heading\" data-id=\"4da6f3e\" data-element_type=\"widget\" data-widget_type=\"heading.default\">\n\t\t\t\t<div class=\"elementor-widget-container\">\n\t\t\t<h3 class=\"elementor-heading-title elementor-size-default\">EFH Global is part of the Kolmio Group, an Integrating Platform for Logistics Solutions for the Supply Chain level at 3PL+.\n\n\n\n<\/h3>\t\t<\/div>\n\t\t\t\t<\/div>\n\t\t\t\t\t<\/div>\n\t\t<\/div>\n\t\t\t\t\t\t\t<\/div>\n\t\t<\/section>\n\t\t\t\t<section class=\"elementor-section elementor-top-section elementor-element elementor-element-fc75c3d elementor-section-boxed elementor-section-height-default elementor-section-height-default\" data-id=\"fc75c3d\" data-element_type=\"section\" data-settings=\"{&quot;jet_parallax_layout_list&quot;:[]}\">\n\t\t\t\t\t\t<div class=\"elementor-container elementor-column-gap-default\">\n\t\t\t\t\t<div class=\"elementor-column elementor-col-100 elementor-top-column elementor-element elementor-element-ed93b13\" data-id=\"ed93b13\" data-element_type=\"column\">\n\t\t\t<div class=\"elementor-widget-wrap elementor-element-populated\">\n\t\t\t\t\t\t\t\t<div class=\"elementor-element elementor-element-d62720f elementor-widget elementor-widget-heading\" data-id=\"d62720f\" data-element_type=\"widget\" data-no-translation=\"\" data-widget_type=\"heading.default\">\n\t\t\t\t<div class=\"elementor-widget-container\">\n\t\t\t<style>.elementor-element-d62720f{display:none !important}<\/style>\t\t<\/div>\n\t\t\t\t<\/div>\n\t\t\t\t<div class=\"elementor-element elementor-element-4f1fa8d elementor-widget elementor-widget-heading\" data-id=\"4f1fa8d\" data-element_type=\"widget\" data-no-translation=\"\" data-widget_type=\"heading.default\">\n\t\t\t\t<div class=\"elementor-widget-container\">\n\t\t\t<h3 class=\"elementor-heading-title elementor-size-default\">Contact us and let us speed up your cash conversion cycle\n \n<\/h3>\t\t<\/div>\n\t\t\t\t<\/div>\n\t\t\t\t\t<\/div>\n\t\t<\/div>\n\t\t\t\t\t\t\t<\/div>\n\t\t<\/section>\n\t\t\t\t<section class=\"elementor-section elementor-top-section elementor-element elementor-element-bd17006 elementor-section-full_width elementor-section-height-default elementor-section-height-default\" data-id=\"bd17006\" data-element_type=\"section\" data-settings=\"{&quot;jet_parallax_layout_list&quot;:[],&quot;background_background&quot;:&quot;classic&quot;}\">\n\t\t\t\t\t\t<div class=\"elementor-container elementor-column-gap-no\">\n\t\t\t\t\t<div class=\"elementor-column elementor-col-100 elementor-top-column elementor-element elementor-element-8afa076\" data-id=\"8afa076\" data-element_type=\"column\">\n\t\t\t<div class=\"elementor-widget-wrap elementor-element-populated\">\n\t\t\t\t\t\t\t\t<div class=\"elementor-element elementor-element-5023d0c elementor-widget elementor-widget-image\" data-id=\"5023d0c\" data-element_type=\"widget\" data-widget_type=\"image.default\">\n\t\t\t\t<div class=\"elementor-widget-container\">\n\t\t\t\t\t\t\t\t\t\t\t\t\t\t\t<img decoding=\"async\" width=\"400\" height=\"77\" src=\"https:\/\/kolmiologistics.com\/wp-content\/uploads\/2023\/03\/efh.png\" class=\"attachment-full size-full wp-image-2077\" alt=\"\" loading=\"lazy\" srcset=\"https:\/\/kolmiologistics.com\/wp-content\/uploads\/2023\/03\/efh.png 400w, https:\/\/kolmiologistics.com\/wp-content\/uploads\/2023\/03\/efh-300x58.png 300w\" sizes=\"(max-width: 400px) 100vw, 400px\" \/>\t\t\t\t\t\t\t\t\t\t\t\t\t\t\t<\/div>\n\t\t\t\t<\/div>\n\t\t\t\t<div class=\"elementor-element elementor-element-6d22d13 elementor-widget elementor-widget-image\" data-id=\"6d22d13\" data-element_type=\"widget\" data-widget_type=\"image.default\">\n\t\t\t\t<div class=\"elementor-widget-container\">\n\t\t\t\t\t\t\t\t\t\t\t\t\t\t\t<img decoding=\"async\" width=\"1600\" height=\"900\" src=\"https:\/\/kolmiologistics.com\/wp-content\/uploads\/2023\/04\/m_Collage-EFH.jpg\" class=\"attachment-full size-full wp-image-2190\" alt=\"\" loading=\"lazy\" srcset=\"https:\/\/kolmiologistics.com\/wp-content\/uploads\/2023\/04\/m_Collage-EFH.jpg 1600w, https:\/\/kolmiologistics.com\/wp-content\/uploads\/2023\/04\/m_Collage-EFH-300x169.jpg 300w, https:\/\/kolmiologistics.com\/wp-content\/uploads\/2023\/04\/m_Collage-EFH-1024x576.jpg 1024w, https:\/\/kolmiologistics.com\/wp-content\/uploads\/2023\/04\/m_Collage-EFH-768x432.jpg 768w, https:\/\/kolmiologistics.com\/wp-content\/uploads\/2023\/04\/m_Collage-EFH-1536x864.jpg 1536w\" sizes=\"(max-width: 1600px) 100vw, 1600px\" \/>\t\t\t\t\t\t\t\t\t\t\t\t\t\t\t<\/div>\n\t\t\t\t<\/div>\n\t\t\t\t\t<\/div>\n\t\t<\/div>\n\t\t\t\t\t\t\t<\/div>\n\t\t<\/section>\n\t\t\t\t\t\t\t<\/div>","protected":false},"excerpt":{"rendered":"<p>Aceleramos el ciclo de conversi\u00f3n de caja para tu empresa EFH Global es un operador log\u00edstico internacional para movimientos puerta a puerta de carga FTL y LTL (TMEC) M\u00e9xico &#8211; USA &#8211; Canad\u00e1, Centro Am\u00e9rica, intra USA, intra Canad\u00e1. Los servicios pueden ser dedicados y spot, \u2018drop &amp; hook\u2019, programados y express. Adem\u00e1s de soluciones [&hellip;]<\/p>","protected":false},"author":1,"featured_media":0,"parent":2164,"menu_order":1,"comment_status":"closed","ping_status":"closed","template":"","meta":[],"yoast_head":"<!-- This site is optimized with the Yoast SEO plugin v20.13 - https:\/\/yoast.com\/wordpress\/plugins\/seo\/ -->\n<title>EFH - Kolmio Logistics<\/title>\n<meta name=\"robots\" content=\"index, follow, max-snippet:-1, max-image-preview:large, max-video-preview:-1\" \/>\n<link rel=\"canonical\" href=\"https:\/\/kolmiologistics.com\/en\/nuestras-empresas\/efh\/\" \/>\n<meta property=\"og:locale\" content=\"en_US\" \/>\n<meta property=\"og:type\" content=\"article\" \/>\n<meta property=\"og:title\" content=\"EFH - Kolmio Logistics\" \/>\n<meta property=\"og:description\" content=\"Aceleramos el ciclo de conversi\u00f3n de caja para tu empresa EFH Global es un operador log\u00edstico internacional para movimientos puerta a puerta de carga FTL y LTL (TMEC) M\u00e9xico &#8211; USA &#8211; Canad\u00e1, Centro Am\u00e9rica, intra USA, intra Canad\u00e1. Los servicios pueden ser dedicados y spot, \u2018drop &amp; hook\u2019, programados y express. Adem\u00e1s de soluciones [&hellip;]\" \/>\n<meta property=\"og:url\" content=\"https:\/\/kolmiologistics.com\/en\/nuestras-empresas\/efh\/\" \/>\n<meta property=\"og:site_name\" content=\"Kolmio Logistics\" \/>\n<meta property=\"article:modified_time\" content=\"2023-06-08T20:08:22+00:00\" \/>\n<meta property=\"og:image\" content=\"https:\/\/kolmiologistics.com\/wp-content\/uploads\/2023\/04\/m_PORTADA-EFH.jpg\" \/>\n<meta name=\"twitter:card\" content=\"summary_large_image\" \/>\n<meta name=\"twitter:label1\" content=\"Est. reading time\" \/>\n\t<meta name=\"twitter:data1\" content=\"3 minutes\" \/>\n<script type=\"application\/ld+json\" class=\"yoast-schema-graph\">{\"@context\":\"https:\/\/schema.org\",\"@graph\":[{\"@type\":\"WebPage\",\"@id\":\"https:\/\/kolmiologistics.com\/nuestras-empresas\/efh\/\",\"url\":\"https:\/\/kolmiologistics.com\/nuestras-empresas\/efh\/\",\"name\":\"EFH - Kolmio Logistics\",\"isPartOf\":{\"@id\":\"https:\/\/kolmiologistics.com\/#website\"},\"datePublished\":\"2023-04-17T21:24:46+00:00\",\"dateModified\":\"2023-06-08T20:08:22+00:00\",\"breadcrumb\":{\"@id\":\"https:\/\/kolmiologistics.com\/nuestras-empresas\/efh\/#breadcrumb\"},\"inLanguage\":\"en-US\",\"potentialAction\":[{\"@type\":\"ReadAction\",\"target\":[\"https:\/\/kolmiologistics.com\/nuestras-empresas\/efh\/\"]}]},{\"@type\":\"BreadcrumbList\",\"@id\":\"https:\/\/kolmiologistics.com\/nuestras-empresas\/efh\/#breadcrumb\",\"itemListElement\":[{\"@type\":\"ListItem\",\"position\":1,\"name\":\"Portada\",\"item\":\"https:\/\/kolmiologistics.com\/\"},{\"@type\":\"ListItem\",\"position\":2,\"name\":\"Nuestras Empresas\",\"item\":\"https:\/\/kolmiologistics.com\/nuestras-empresas\/\"},{\"@type\":\"ListItem\",\"position\":3,\"name\":\"EFH\"}]},{\"@type\":\"WebSite\",\"@id\":\"https:\/\/kolmiologistics.com\/#website\",\"url\":\"https:\/\/kolmiologistics.com\/\",\"name\":\"Kolmio Logistics\",\"description\":\"Believe us, we\u2019ve got you covered\",\"publisher\":{\"@id\":\"https:\/\/kolmiologistics.com\/#organization\"},\"potentialAction\":[{\"@type\":\"SearchAction\",\"target\":{\"@type\":\"EntryPoint\",\"urlTemplate\":\"https:\/\/kolmiologistics.com\/?s={search_term_string}\"},\"query-input\":\"required name=search_term_string\"}],\"inLanguage\":\"en-US\"},{\"@type\":\"Organization\",\"@id\":\"https:\/\/kolmiologistics.com\/#organization\",\"name\":\"Kolmio Logistics\",\"url\":\"https:\/\/kolmiologistics.com\/\",\"logo\":{\"@type\":\"ImageObject\",\"inLanguage\":\"en-US\",\"@id\":\"https:\/\/kolmiologistics.com\/#\/schema\/logo\/image\/\",\"url\":\"https:\/\/kolmiologistics.com\/wp-content\/uploads\/2023\/02\/Logo-temporal-Kolmio-Logistics.png\",\"contentUrl\":\"https:\/\/kolmiologistics.com\/wp-content\/uploads\/2023\/02\/Logo-temporal-Kolmio-Logistics.png\",\"width\":1428,\"height\":188,\"caption\":\"Kolmio Logistics\"},\"image\":{\"@id\":\"https:\/\/kolmiologistics.com\/#\/schema\/logo\/image\/\"}}]}<\/script>\n<!-- \/ Yoast SEO plugin. -->","yoast_head_json":{"title":"EFH - Kolmio Logistics","robots":{"index":"index","follow":"follow","max-snippet":"max-snippet:-1","max-image-preview":"max-image-preview:large","max-video-preview":"max-video-preview:-1"},"canonical":"https:\/\/kolmiologistics.com\/en\/nuestras-empresas\/efh\/","og_locale":"en_US","og_type":"article","og_title":"EFH - Kolmio Logistics","og_description":"Aceleramos el ciclo de conversi\u00f3n de caja para tu empresa EFH Global es un operador log\u00edstico internacional para movimientos puerta a puerta de carga FTL y LTL (TMEC) M\u00e9xico &#8211; USA &#8211; Canad\u00e1, Centro Am\u00e9rica, intra USA, intra Canad\u00e1. Los servicios pueden ser dedicados y spot, \u2018drop &amp; hook\u2019, programados y express. Adem\u00e1s de soluciones [&hellip;]","og_url":"https:\/\/kolmiologistics.com\/en\/nuestras-empresas\/efh\/","og_site_name":"Kolmio Logistics","article_modified_time":"2023-06-08T20:08:22+00:00","og_image":[{"url":"https:\/\/kolmiologistics.com\/wp-content\/uploads\/2023\/04\/m_PORTADA-EFH.jpg"}],"twitter_card":"summary_large_image","twitter_misc":{"Est. reading time":"3 minutes"},"schema":{"@context":"https:\/\/schema.org","@graph":[{"@type":"WebPage","@id":"https:\/\/kolmiologistics.com\/nuestras-empresas\/efh\/","url":"https:\/\/kolmiologistics.com\/nuestras-empresas\/efh\/","name":"EFH - Kolmio Logistics","isPartOf":{"@id":"https:\/\/kolmiologistics.com\/#website"},"datePublished":"2023-04-17T21:24:46+00:00","dateModified":"2023-06-08T20:08:22+00:00","breadcrumb":{"@id":"https:\/\/kolmiologistics.com\/nuestras-empresas\/efh\/#breadcrumb"},"inLanguage":"en-US","potentialAction":[{"@type":"ReadAction","target":["https:\/\/kolmiologistics.com\/nuestras-empresas\/efh\/"]}]},{"@type":"BreadcrumbList","@id":"https:\/\/kolmiologistics.com\/nuestras-empresas\/efh\/#breadcrumb","itemListElement":[{"@type":"ListItem","position":1,"name":"Portada","item":"https:\/\/kolmiologistics.com\/"},{"@type":"ListItem","position":2,"name":"Nuestras Empresas","item":"https:\/\/kolmiologistics.com\/nuestras-empresas\/"},{"@type":"ListItem","position":3,"name":"EFH"}]},{"@type":"WebSite","@id":"https:\/\/kolmiologistics.com\/#website","url":"https:\/\/kolmiologistics.com\/","name":"Kolmio Logistics","description":"Believe us, we\u2019ve got you covered","publisher":{"@id":"https:\/\/kolmiologistics.com\/#organization"},"potentialAction":[{"@type":"SearchAction","target":{"@type":"EntryPoint","urlTemplate":"https:\/\/kolmiologistics.com\/?s={search_term_string}"},"query-input":"required name=search_term_string"}],"inLanguage":"en-US"},{"@type":"Organization","@id":"https:\/\/kolmiologistics.com\/#organization","name":"Kolmio Logistics","url":"https:\/\/kolmiologistics.com\/","logo":{"@type":"ImageObject","inLanguage":"en-US","@id":"https:\/\/kolmiologistics.com\/#\/schema\/logo\/image\/","url":"https:\/\/kolmiologistics.com\/wp-content\/uploads\/2023\/02\/Logo-temporal-Kolmio-Logistics.png","contentUrl":"https:\/\/kolmiologistics.com\/wp-content\/uploads\/2023\/02\/Logo-temporal-Kolmio-Logistics.png","width":1428,"height":188,"caption":"Kolmio Logistics"},"image":{"@id":"https:\/\/kolmiologistics.com\/#\/schema\/logo\/image\/"}}]}},"_links":{"self":[{"href":"https:\/\/kolmiologistics.com\/en\/wp-json\/wp\/v2\/pages\/2166"}],"collection":[{"href":"https:\/\/kolmiologistics.com\/en\/wp-json\/wp\/v2\/pages"}],"about":[{"href":"https:\/\/kolmiologistics.com\/en\/wp-json\/wp\/v2\/types\/page"}],"author":[{"embeddable":true,"href":"https:\/\/kolmiologistics.com\/en\/wp-json\/wp\/v2\/users\/1"}],"replies":[{"embeddable":true,"href":"https:\/\/kolmiologistics.com\/en\/wp-json\/wp\/v2\/comments?post=2166"}],"version-history":[{"count":13,"href":"https:\/\/kolmiologistics.com\/en\/wp-json\/wp\/v2\/pages\/2166\/revisions"}],"predecessor-version":[{"id":2328,"href":"https:\/\/kolmiologistics.com\/en\/wp-json\/wp\/v2\/pages\/2166\/revisions\/2328"}],"up":[{"embeddable":true,"href":"https:\/\/kolmiologistics.com\/en\/wp-json\/wp\/v2\/pages\/2164"}],"wp:attachment":[{"href":"https:\/\/kolmiologistics.com\/en\/wp-json\/wp\/v2\/media?parent=2166"}],"curies":[{"name":"wp","href":"https:\/\/api.w.org\/{rel}","templated":true}]}}