{"id":1708,"date":"2023-03-02T23:44:36","date_gmt":"2023-03-02T23:44:36","guid":{"rendered":"https:\/\/kolmiologistics.com\/?page_id=1708"},"modified":"2023-06-13T19:07:27","modified_gmt":"2023-06-13T19:07:27","slug":"sistemas-logisticos-software-y-tecnologia","status":"publish","type":"page","link":"https:\/\/kolmiologistics.com\/en\/soluciones\/administracion-y-control\/sistemas-logisticos-software-y-tecnologia\/","title":{"rendered":"Logistics Software and Tech"},"content":{"rendered":"<div data-elementor-type=\"wp-page\" data-elementor-id=\"1708\" class=\"elementor elementor-1708\">\n\t\t\t\t\t\t\t\t\t<section class=\"elementor-section elementor-top-section elementor-element elementor-element-235a542 elementor-section-content-middle elementor-reverse-mobile elementor-section-boxed elementor-section-height-default elementor-section-height-default\" data-id=\"235a542\" data-element_type=\"section\" data-settings=\"{&quot;background_background&quot;:&quot;video&quot;,&quot;background_video_link&quot;:&quot;https:\\\/\\\/youtu.be\\\/_J1k_IizafI&quot;,&quot;jet_parallax_layout_list&quot;:[],&quot;background_play_on_mobile&quot;:&quot;yes&quot;}\">\n\t\t\t\t\t\t\t\t<div class=\"elementor-background-video-container\">\n\t\t\t\t\t\t\t\t\t\t\t\t\t<div class=\"elementor-background-video-embed\"><\/div>\n\t\t\t\t\t\t\t\t\t\t\t\t<\/div>\n\t\t\t\t\t\t\t\t\t<div class=\"elementor-background-overlay\"><\/div>\n\t\t\t\t\t\t\t<div class=\"elementor-container elementor-column-gap-default\">\n\t\t\t\t\t<div class=\"elementor-column elementor-col-50 elementor-top-column elementor-element elementor-element-423b7e9\" data-id=\"423b7e9\" data-element_type=\"column\">\n\t\t\t<div class=\"elementor-widget-wrap elementor-element-populated\">\n\t\t\t\t\t\t\t\t<div class=\"elementor-element elementor-element-4262284 elementor-icon-list--layout-inline elementor-align-left elementor-list-item-link-full_width elementor-widget elementor-widget-icon-list\" data-id=\"4262284\" data-element_type=\"widget\" data-widget_type=\"icon-list.default\">\n\t\t\t\t<div class=\"elementor-widget-container\">\n\t\t\t<link rel=\"stylesheet\" href=\"https:\/\/kolmiologistics.com\/wp-content\/plugins\/elementor\/assets\/css\/widget-icon-list.min.css\">\t\t<ul class=\"elementor-icon-list-items elementor-inline-items\">\n\t\t\t\t\t\t\t<li class=\"elementor-icon-list-item elementor-inline-item\">\n\t\t\t\t\t\t\t\t\t\t\t<a href=\"https:\/\/kolmiologistics.com\/en\/soluciones\/\">\n\n\t\t\t\t\t\t\t\t\t\t\t<span class=\"elementor-icon-list-text\">SOLUCIONES<\/span>\n\t\t\t\t\t\t\t\t\t\t\t<\/a>\n\t\t\t\t\t\t\t\t\t<\/li>\n\t\t\t\t\t\t\t\t<li class=\"elementor-icon-list-item elementor-inline-item\">\n\t\t\t\t\t\t\t\t\t\t\t<a href=\"#\">\n\n\t\t\t\t\t\t\t\t\t\t\t\t<span class=\"elementor-icon-list-icon\">\n\t\t\t\t\t\t\t<i aria-hidden=\"true\" class=\"fas fa-angle-right\"><\/i>\t\t\t\t\t\t<\/span>\n\t\t\t\t\t\t\t\t\t\t<span class=\"elementor-icon-list-text\">Logistics Software and Tech<\/span>\n\t\t\t\t\t\t\t\t\t\t\t<\/a>\n\t\t\t\t\t\t\t\t\t<\/li>\n\t\t\t\t\t\t<\/ul>\n\t\t\t\t<\/div>\n\t\t\t\t<\/div>\n\t\t\t\t<div class=\"elementor-element elementor-element-79fdaef elementor-invisible elementor-widget elementor-widget-heading\" data-id=\"79fdaef\" data-element_type=\"widget\" data-settings=\"{&quot;_animation&quot;:&quot;fadeInUp&quot;,&quot;_animation_delay&quot;:200}\" data-widget_type=\"heading.default\">\n\t\t\t\t<div class=\"elementor-widget-container\">\n\t\t\t<style>\/*! elementor - v3.13.3 - 28-05-2023 *\/\n.elementor-heading-title{padding:0;margin:0;line-height:1}.elementor-widget-heading .elementor-heading-title[class*=elementor-size-]>a{color:inherit;font-size:inherit;line-height:inherit}.elementor-widget-heading .elementor-heading-title.elementor-size-small{font-size:15px}.elementor-widget-heading .elementor-heading-title.elementor-size-medium{font-size:19px}.elementor-widget-heading .elementor-heading-title.elementor-size-large{font-size:29px}.elementor-widget-heading .elementor-heading-title.elementor-size-xl{font-size:39px}.elementor-widget-heading .elementor-heading-title.elementor-size-xxl{font-size:59px}<\/style><h1 class=\"elementor-heading-title elementor-size-default\">Logistics Software and Tech<\/h1>\t\t<\/div>\n\t\t\t\t<\/div>\n\t\t\t\t<div class=\"elementor-element elementor-element-dff3fdc elementor-widget elementor-widget-heading\" data-id=\"dff3fdc\" data-element_type=\"widget\" data-widget_type=\"heading.default\">\n\t\t\t\t<div class=\"elementor-widget-container\">\n\t\t\t<h3 class=\"elementor-heading-title elementor-size-default\">In addition to facilitating processes, our digital services control the efficiency of the different actions in logistics for supply chains<\/h3>\t\t<\/div>\n\t\t\t\t<\/div>\n\t\t\t\t\t<\/div>\n\t\t<\/div>\n\t\t\t\t<div class=\"elementor-column elementor-col-50 elementor-top-column elementor-element elementor-element-4ee9a3d\" data-id=\"4ee9a3d\" data-element_type=\"column\">\n\t\t\t<div class=\"elementor-widget-wrap elementor-element-populated\">\n\t\t\t\t\t\t\t\t<div class=\"elementor-element elementor-element-a042066 elementor-invisible elementor-widget elementor-widget-image\" data-id=\"a042066\" data-element_type=\"widget\" data-settings=\"{&quot;_animation&quot;:&quot;fadeInRight&quot;,&quot;_animation_delay&quot;:200}\" data-widget_type=\"image.default\">\n\t\t\t\t<div class=\"elementor-widget-container\">\n\t\t\t<style>\/*! elementor - v3.13.3 - 28-05-2023 *\/\n.elementor-widget-image{text-align:center}.elementor-widget-image a{display:inline-block}.elementor-widget-image a img[src$=\".svg\"]{width:48px}.elementor-widget-image img{vertical-align:middle;display:inline-block}<\/style>\t\t\t\t\t\t\t\t\t\t\t\t<img decoding=\"async\" width=\"2000\" height=\"1257\" src=\"https:\/\/kolmiologistics.com\/wp-content\/uploads\/2023\/03\/logistics-supply-chain-management-and-international-goods-import-export-concept-.jpg\" class=\"attachment-full size-full wp-image-1817\" alt=\"Logistics supply chain management and international goods import-export concept .\" loading=\"lazy\" srcset=\"https:\/\/kolmiologistics.com\/wp-content\/uploads\/2023\/03\/logistics-supply-chain-management-and-international-goods-import-export-concept-.jpg 2000w, https:\/\/kolmiologistics.com\/wp-content\/uploads\/2023\/03\/logistics-supply-chain-management-and-international-goods-import-export-concept--300x189.jpg 300w, https:\/\/kolmiologistics.com\/wp-content\/uploads\/2023\/03\/logistics-supply-chain-management-and-international-goods-import-export-concept--1024x644.jpg 1024w, https:\/\/kolmiologistics.com\/wp-content\/uploads\/2023\/03\/logistics-supply-chain-management-and-international-goods-import-export-concept--768x483.jpg 768w, https:\/\/kolmiologistics.com\/wp-content\/uploads\/2023\/03\/logistics-supply-chain-management-and-international-goods-import-export-concept--1536x965.jpg 1536w\" sizes=\"(max-width: 2000px) 100vw, 2000px\" \/>\t\t\t\t\t\t\t\t\t\t\t\t\t\t\t<\/div>\n\t\t\t\t<\/div>\n\t\t\t\t\t<\/div>\n\t\t<\/div>\n\t\t\t\t\t\t\t<\/div>\n\t\t<\/section>\n\t\t\t\t<section class=\"elementor-section elementor-top-section elementor-element elementor-element-f172360 elementor-section-boxed elementor-section-height-default elementor-section-height-default\" data-id=\"f172360\" data-element_type=\"section\" data-settings=\"{&quot;jet_parallax_layout_list&quot;:[]}\">\n\t\t\t\t\t\t<div class=\"elementor-container elementor-column-gap-default\">\n\t\t\t\t\t<div class=\"elementor-column elementor-col-50 elementor-top-column elementor-element elementor-element-f6a8530\" data-id=\"f6a8530\" data-element_type=\"column\" data-settings=\"{&quot;background_background&quot;:&quot;classic&quot;}\">\n\t\t\t<div class=\"elementor-widget-wrap elementor-element-populated\">\n\t\t\t\t\t\t\t\t<div class=\"elementor-element elementor-element-d2c958e elementor-widget elementor-widget-heading\" data-id=\"d2c958e\" data-element_type=\"widget\" data-widget_type=\"heading.default\">\n\t\t\t\t<div class=\"elementor-widget-container\">\n\t\t\t<h3 class=\"elementor-heading-title elementor-size-default\">State-of-the-art digital technology, to stay in control.\n<\/h3>\t\t<\/div>\n\t\t\t\t<\/div>\n\t\t\t\t\t<\/div>\n\t\t<\/div>\n\t\t\t\t<div class=\"elementor-column elementor-col-50 elementor-top-column elementor-element elementor-element-926da8c\" data-id=\"926da8c\" data-element_type=\"column\">\n\t\t\t<div class=\"elementor-widget-wrap elementor-element-populated\">\n\t\t\t\t\t\t\t\t<div class=\"elementor-element elementor-element-22fe563 elementor-widget elementor-widget-text-editor\" data-id=\"22fe563\" data-element_type=\"widget\" data-no-translation=\"\" data-widget_type=\"text-editor.default\">\n\t\t\t\t<div class=\"elementor-widget-container\">\n\t\t\t<style>\/*! elementor - v3.13.3 - 28-05-2023 *\/\n.elementor-widget-text-editor.elementor-drop-cap-view-stacked .elementor-drop-cap{background-color:#69727d;color:#fff}.elementor-widget-text-editor.elementor-drop-cap-view-framed .elementor-drop-cap{color:#69727d;border:3px solid;background-color:transparent}.elementor-widget-text-editor:not(.elementor-drop-cap-view-default) .elementor-drop-cap{margin-top:8px}.elementor-widget-text-editor:not(.elementor-drop-cap-view-default) .elementor-drop-cap-letter{width:1em;height:1em}.elementor-widget-text-editor .elementor-drop-cap{float:left;text-align:center;line-height:1;font-size:50px}.elementor-widget-text-editor .elementor-drop-cap-letter{display:inline-block}<\/style><style>.elementor-element-22fe563{display:none !important}<\/style>\t\t<\/div>\n\t\t\t\t<\/div>\n\t\t\t\t<div class=\"elementor-element elementor-element-20c0656 elementor-widget elementor-widget-text-editor\" data-id=\"20c0656\" data-element_type=\"widget\" data-no-translation=\"\" data-widget_type=\"text-editor.default\">\n\t\t\t\t<div class=\"elementor-widget-container\">\n\t\t\t<style>.elementor-element-20c0656{display:none !important}<\/style>\t\t<\/div>\n\t\t\t\t<\/div>\n\t\t\t\t<div class=\"elementor-element elementor-element-1fac667 elementor-widget elementor-widget-text-editor\" data-id=\"1fac667\" data-element_type=\"widget\" data-no-translation=\"\" data-widget_type=\"text-editor.default\">\n\t\t\t\t<div class=\"elementor-widget-container\">\n\t\t\t\t\t\t\t<p>To generate value for your supply chain, we use different digital tools that make processes and control\/administration more efficient in each part of the logistics process.<\/p><p>These are some of the digital tools commonly used in different parts of logistics processes.<\/p>\t\t\t\t\t\t<\/div>\n\t\t\t\t<\/div>\n\t\t\t\t<div class=\"elementor-element elementor-element-eac766d elementor-widget elementor-widget-text-editor\" data-id=\"eac766d\" data-element_type=\"widget\" data-no-translation=\"\" data-widget_type=\"text-editor.default\">\n\t\t\t\t<div class=\"elementor-widget-container\">\n\t\t\t\t\t\t\t<ul><li><p><b>Warehouse Management System (WMS): <\/b>We manage the efficient operation of our clients\u2019 warehouses integrating with interfaces to their logistics operations.<\/p><\/li><li><p><b>Transport<\/b><b>ation<\/b><b> Management System (TMS): <\/b>Transportation systems that allow us to attend to the logistical and administrative needs of each client throughout the entire cargo transfer cycle, providing visibility of their products at all times.<\/p><\/li><li><p><b>Yard Management System (YMS): <\/b>Logistics systems that allow the administration of your yard integrated into the rest of the operational solutions<\/p><\/li><li><p><b>Control Tower System (CMS): <\/b>Control tower systems are a tool that helps manage trips and carriers<\/p><p>\u00a0<\/p><\/li><\/ul>\t\t\t\t\t\t<\/div>\n\t\t\t\t<\/div>\n\t\t\t\t\t<\/div>\n\t\t<\/div>\n\t\t\t\t\t\t\t<\/div>\n\t\t<\/section>\n\t\t\t\t<section class=\"elementor-section elementor-top-section elementor-element elementor-element-451bead6 elementor-section-boxed elementor-section-height-default elementor-section-height-default\" data-id=\"451bead6\" data-element_type=\"section\" data-settings=\"{&quot;jet_parallax_layout_list&quot;:[]}\">\n\t\t\t\t\t\t<div class=\"elementor-container elementor-column-gap-default\">\n\t\t\t\t\t<div class=\"elementor-column elementor-col-100 elementor-top-column elementor-element elementor-element-3b0e1c33\" data-id=\"3b0e1c33\" data-element_type=\"column\">\n\t\t\t<div class=\"elementor-widget-wrap elementor-element-populated\">\n\t\t\t\t\t\t\t\t<section class=\"elementor-section elementor-inner-section elementor-element elementor-element-856e9ab elementor-section-content-middle elementor-section-boxed elementor-section-height-default elementor-section-height-default elementor-invisible\" data-id=\"856e9ab\" data-element_type=\"section\" data-settings=\"{&quot;background_background&quot;:&quot;classic&quot;,&quot;animation&quot;:&quot;fadeInUp&quot;,&quot;animation_delay&quot;:200,&quot;jet_parallax_layout_list&quot;:[]}\">\n\t\t\t\t\t\t\t<div class=\"elementor-background-overlay\"><\/div>\n\t\t\t\t\t\t\t<div class=\"elementor-container elementor-column-gap-default\">\n\t\t\t\t\t<div class=\"elementor-column elementor-col-100 elementor-inner-column elementor-element elementor-element-7d524bed\" data-id=\"7d524bed\" data-element_type=\"column\">\n\t\t\t<div class=\"elementor-widget-wrap elementor-element-populated\">\n\t\t\t\t\t\t\t\t<div class=\"elementor-element elementor-element-caa3d50 elementor-widget elementor-widget-heading\" data-id=\"caa3d50\" data-element_type=\"widget\" data-widget_type=\"heading.default\">\n\t\t\t\t<div class=\"elementor-widget-container\">\n\t\t\t<h3 class=\"elementor-heading-title elementor-size-default\">Contact one of our advisors and as a team, we will find you the most convenient solutions.\n\n<\/h3>\t\t<\/div>\n\t\t\t\t<\/div>\n\t\t\t\t<div class=\"elementor-element elementor-element-16b32f2e elementor-align-center elementor-widget elementor-widget-button\" data-id=\"16b32f2e\" data-element_type=\"widget\" data-widget_type=\"button.default\">\n\t\t\t\t<div class=\"elementor-widget-container\">\n\t\t\t\t\t<div class=\"elementor-button-wrapper\">\n\t\t\t<a href=\"https:\/\/kolmiologistics.com\/en\/contacto\/\" class=\"elementor-button-link elementor-button elementor-size-md\" role=\"button\">\n\t\t\t\t\t\t<span class=\"elementor-button-content-wrapper\">\n\t\t\t\t\t\t<span class=\"elementor-button-text\">Contact us<\/span>\n\t\t<\/span>\n\t\t\t\t\t<\/a>\n\t\t<\/div>\n\t\t\t\t<\/div>\n\t\t\t\t<\/div>\n\t\t\t\t\t<\/div>\n\t\t<\/div>\n\t\t\t\t\t\t\t<\/div>\n\t\t<\/section>\n\t\t\t\t\t<\/div>\n\t\t<\/div>\n\t\t\t\t\t\t\t<\/div>\n\t\t<\/section>\n\t\t\t\t\t\t\t<\/div>","protected":false},"excerpt":{"rendered":"<p>SOLUCIONES Nuestros servicios digitales facilitan los procesos, adem\u00e1s de controlar la eficiencia de las diferentes acciones en la log\u00edstica para cadenas de suministro. Tecnolog\u00eda digital de vanguardia, para mantener el control. Para generar valor a tu cadena de suministro utilizamos distintas herramientas digitales que permiten hacer m\u00e1s eficientes los procesos y el control \/ administraci\u00f3n [&hellip;]<\/p>","protected":false},"author":1,"featured_media":0,"parent":1003,"menu_order":1,"comment_status":"closed","ping_status":"closed","template":"","meta":[],"yoast_head":"<!-- This site is optimized with the Yoast SEO plugin v20.13 - https:\/\/yoast.com\/wordpress\/plugins\/seo\/ -->\n<title>Sistemas Log\u00edsticos (Software y tecnolog\u00eda) - Kolmio Logistics<\/title>\n<meta name=\"robots\" content=\"index, follow, max-snippet:-1, max-image-preview:large, max-video-preview:-1\" \/>\n<link rel=\"canonical\" href=\"https:\/\/kolmiologistics.com\/en\/soluciones\/administracion-y-control\/sistemas-logisticos-software-y-tecnologia\/\" \/>\n<meta property=\"og:locale\" content=\"en_US\" \/>\n<meta property=\"og:type\" content=\"article\" \/>\n<meta property=\"og:title\" content=\"Sistemas Log\u00edsticos (Software y tecnolog\u00eda) - Kolmio Logistics\" \/>\n<meta property=\"og:description\" content=\"SOLUCIONES Nuestros servicios digitales facilitan los procesos, adem\u00e1s de controlar la eficiencia de las diferentes acciones en la log\u00edstica para cadenas de suministro. Tecnolog\u00eda digital de vanguardia, para mantener el control. Para generar valor a tu cadena de suministro utilizamos distintas herramientas digitales que permiten hacer m\u00e1s eficientes los procesos y el control \/ administraci\u00f3n [&hellip;]\" \/>\n<meta property=\"og:url\" content=\"https:\/\/kolmiologistics.com\/en\/soluciones\/administracion-y-control\/sistemas-logisticos-software-y-tecnologia\/\" \/>\n<meta property=\"og:site_name\" content=\"Kolmio Logistics\" \/>\n<meta property=\"article:modified_time\" content=\"2023-06-13T19:07:27+00:00\" \/>\n<meta property=\"og:image\" content=\"https:\/\/kolmiologistics.com\/wp-content\/uploads\/2023\/03\/logistics-supply-chain-management-and-international-goods-import-export-concept-.jpg\" \/>\n<meta name=\"twitter:card\" content=\"summary_large_image\" \/>\n<meta name=\"twitter:label1\" content=\"Est. reading time\" \/>\n\t<meta name=\"twitter:data1\" content=\"2 minutes\" \/>\n<script type=\"application\/ld+json\" class=\"yoast-schema-graph\">{\"@context\":\"https:\/\/schema.org\",\"@graph\":[{\"@type\":\"WebPage\",\"@id\":\"https:\/\/kolmiologistics.com\/soluciones\/administracion-y-control\/sistemas-logisticos-software-y-tecnologia\/\",\"url\":\"https:\/\/kolmiologistics.com\/soluciones\/administracion-y-control\/sistemas-logisticos-software-y-tecnologia\/\",\"name\":\"Sistemas Log\u00edsticos (Software y tecnolog\u00eda) - Kolmio Logistics\",\"isPartOf\":{\"@id\":\"https:\/\/kolmiologistics.com\/#website\"},\"datePublished\":\"2023-03-02T23:44:36+00:00\",\"dateModified\":\"2023-06-13T19:07:27+00:00\",\"breadcrumb\":{\"@id\":\"https:\/\/kolmiologistics.com\/soluciones\/administracion-y-control\/sistemas-logisticos-software-y-tecnologia\/#breadcrumb\"},\"inLanguage\":\"en-US\",\"potentialAction\":[{\"@type\":\"ReadAction\",\"target\":[\"https:\/\/kolmiologistics.com\/soluciones\/administracion-y-control\/sistemas-logisticos-software-y-tecnologia\/\"]}]},{\"@type\":\"BreadcrumbList\",\"@id\":\"https:\/\/kolmiologistics.com\/soluciones\/administracion-y-control\/sistemas-logisticos-software-y-tecnologia\/#breadcrumb\",\"itemListElement\":[{\"@type\":\"ListItem\",\"position\":1,\"name\":\"Portada\",\"item\":\"https:\/\/kolmiologistics.com\/\"},{\"@type\":\"ListItem\",\"position\":2,\"name\":\"Soluciones\",\"item\":\"https:\/\/kolmiologistics.com\/soluciones\/\"},{\"@type\":\"ListItem\",\"position\":3,\"name\":\"Administraci\u00f3n y Control\",\"item\":\"https:\/\/kolmiologistics.com\/soluciones\/administracion-y-control\/\"},{\"@type\":\"ListItem\",\"position\":4,\"name\":\"Sistemas Log\u00edsticos (Software y tecnolog\u00eda)\"}]},{\"@type\":\"WebSite\",\"@id\":\"https:\/\/kolmiologistics.com\/#website\",\"url\":\"https:\/\/kolmiologistics.com\/\",\"name\":\"Kolmio Logistics\",\"description\":\"Believe us, we\u2019ve got you covered\",\"publisher\":{\"@id\":\"https:\/\/kolmiologistics.com\/#organization\"},\"potentialAction\":[{\"@type\":\"SearchAction\",\"target\":{\"@type\":\"EntryPoint\",\"urlTemplate\":\"https:\/\/kolmiologistics.com\/?s={search_term_string}\"},\"query-input\":\"required name=search_term_string\"}],\"inLanguage\":\"en-US\"},{\"@type\":\"Organization\",\"@id\":\"https:\/\/kolmiologistics.com\/#organization\",\"name\":\"Kolmio Logistics\",\"url\":\"https:\/\/kolmiologistics.com\/\",\"logo\":{\"@type\":\"ImageObject\",\"inLanguage\":\"en-US\",\"@id\":\"https:\/\/kolmiologistics.com\/#\/schema\/logo\/image\/\",\"url\":\"https:\/\/kolmiologistics.com\/wp-content\/uploads\/2023\/02\/Logo-temporal-Kolmio-Logistics.png\",\"contentUrl\":\"https:\/\/kolmiologistics.com\/wp-content\/uploads\/2023\/02\/Logo-temporal-Kolmio-Logistics.png\",\"width\":1428,\"height\":188,\"caption\":\"Kolmio Logistics\"},\"image\":{\"@id\":\"https:\/\/kolmiologistics.com\/#\/schema\/logo\/image\/\"}}]}<\/script>\n<!-- \/ Yoast SEO plugin. -->","yoast_head_json":{"title":"Sistemas Log\u00edsticos (Software y tecnolog\u00eda) - Kolmio Logistics","robots":{"index":"index","follow":"follow","max-snippet":"max-snippet:-1","max-image-preview":"max-image-preview:large","max-video-preview":"max-video-preview:-1"},"canonical":"https:\/\/kolmiologistics.com\/en\/soluciones\/administracion-y-control\/sistemas-logisticos-software-y-tecnologia\/","og_locale":"en_US","og_type":"article","og_title":"Sistemas Log\u00edsticos (Software y tecnolog\u00eda) - Kolmio Logistics","og_description":"SOLUCIONES Nuestros servicios digitales facilitan los procesos, adem\u00e1s de controlar la eficiencia de las diferentes acciones en la log\u00edstica para cadenas de suministro. Tecnolog\u00eda digital de vanguardia, para mantener el control. Para generar valor a tu cadena de suministro utilizamos distintas herramientas digitales que permiten hacer m\u00e1s eficientes los procesos y el control \/ administraci\u00f3n [&hellip;]","og_url":"https:\/\/kolmiologistics.com\/en\/soluciones\/administracion-y-control\/sistemas-logisticos-software-y-tecnologia\/","og_site_name":"Kolmio Logistics","article_modified_time":"2023-06-13T19:07:27+00:00","og_image":[{"url":"https:\/\/kolmiologistics.com\/wp-content\/uploads\/2023\/03\/logistics-supply-chain-management-and-international-goods-import-export-concept-.jpg"}],"twitter_card":"summary_large_image","twitter_misc":{"Est. reading time":"2 minutes"},"schema":{"@context":"https:\/\/schema.org","@graph":[{"@type":"WebPage","@id":"https:\/\/kolmiologistics.com\/soluciones\/administracion-y-control\/sistemas-logisticos-software-y-tecnologia\/","url":"https:\/\/kolmiologistics.com\/soluciones\/administracion-y-control\/sistemas-logisticos-software-y-tecnologia\/","name":"Sistemas Log\u00edsticos (Software y tecnolog\u00eda) - Kolmio Logistics","isPartOf":{"@id":"https:\/\/kolmiologistics.com\/#website"},"datePublished":"2023-03-02T23:44:36+00:00","dateModified":"2023-06-13T19:07:27+00:00","breadcrumb":{"@id":"https:\/\/kolmiologistics.com\/soluciones\/administracion-y-control\/sistemas-logisticos-software-y-tecnologia\/#breadcrumb"},"inLanguage":"en-US","potentialAction":[{"@type":"ReadAction","target":["https:\/\/kolmiologistics.com\/soluciones\/administracion-y-control\/sistemas-logisticos-software-y-tecnologia\/"]}]},{"@type":"BreadcrumbList","@id":"https:\/\/kolmiologistics.com\/soluciones\/administracion-y-control\/sistemas-logisticos-software-y-tecnologia\/#breadcrumb","itemListElement":[{"@type":"ListItem","position":1,"name":"Portada","item":"https:\/\/kolmiologistics.com\/"},{"@type":"ListItem","position":2,"name":"Soluciones","item":"https:\/\/kolmiologistics.com\/soluciones\/"},{"@type":"ListItem","position":3,"name":"Administraci\u00f3n y Control","item":"https:\/\/kolmiologistics.com\/soluciones\/administracion-y-control\/"},{"@type":"ListItem","position":4,"name":"Sistemas Log\u00edsticos (Software y tecnolog\u00eda)"}]},{"@type":"WebSite","@id":"https:\/\/kolmiologistics.com\/#website","url":"https:\/\/kolmiologistics.com\/","name":"Kolmio Logistics","description":"Believe us, we\u2019ve got you covered","publisher":{"@id":"https:\/\/kolmiologistics.com\/#organization"},"potentialAction":[{"@type":"SearchAction","target":{"@type":"EntryPoint","urlTemplate":"https:\/\/kolmiologistics.com\/?s={search_term_string}"},"query-input":"required name=search_term_string"}],"inLanguage":"en-US"},{"@type":"Organization","@id":"https:\/\/kolmiologistics.com\/#organization","name":"Kolmio Logistics","url":"https:\/\/kolmiologistics.com\/","logo":{"@type":"ImageObject","inLanguage":"en-US","@id":"https:\/\/kolmiologistics.com\/#\/schema\/logo\/image\/","url":"https:\/\/kolmiologistics.com\/wp-content\/uploads\/2023\/02\/Logo-temporal-Kolmio-Logistics.png","contentUrl":"https:\/\/kolmiologistics.com\/wp-content\/uploads\/2023\/02\/Logo-temporal-Kolmio-Logistics.png","width":1428,"height":188,"caption":"Kolmio Logistics"},"image":{"@id":"https:\/\/kolmiologistics.com\/#\/schema\/logo\/image\/"}}]}},"_links":{"self":[{"href":"https:\/\/kolmiologistics.com\/en\/wp-json\/wp\/v2\/pages\/1708"}],"collection":[{"href":"https:\/\/kolmiologistics.com\/en\/wp-json\/wp\/v2\/pages"}],"about":[{"href":"https:\/\/kolmiologistics.com\/en\/wp-json\/wp\/v2\/types\/page"}],"author":[{"embeddable":true,"href":"https:\/\/kolmiologistics.com\/en\/wp-json\/wp\/v2\/users\/1"}],"replies":[{"embeddable":true,"href":"https:\/\/kolmiologistics.com\/en\/wp-json\/wp\/v2\/comments?post=1708"}],"version-history":[{"count":28,"href":"https:\/\/kolmiologistics.com\/en\/wp-json\/wp\/v2\/pages\/1708\/revisions"}],"predecessor-version":[{"id":2408,"href":"https:\/\/kolmiologistics.com\/en\/wp-json\/wp\/v2\/pages\/1708\/revisions\/2408"}],"up":[{"embeddable":true,"href":"https:\/\/kolmiologistics.com\/en\/wp-json\/wp\/v2\/pages\/1003"}],"wp:attachment":[{"href":"https:\/\/kolmiologistics.com\/en\/wp-json\/wp\/v2\/media?parent=1708"}],"curies":[{"name":"wp","href":"https:\/\/api.w.org\/{rel}","templated":true}]}}