{"id":1003,"date":"2023-02-15T19:32:29","date_gmt":"2023-02-15T19:32:29","guid":{"rendered":"https:\/\/kolmiologistics.com\/?page_id=1003"},"modified":"2023-03-17T21:57:16","modified_gmt":"2023-03-17T21:57:16","slug":"administracion-y-control","status":"publish","type":"page","link":"https:\/\/kolmiologistics.com\/en\/soluciones\/administracion-y-control\/","title":{"rendered":"Administration and Control"},"content":{"rendered":"<div data-elementor-type=\"wp-page\" data-elementor-id=\"1003\" class=\"elementor elementor-1003\">\n\t\t\t\t\t\t\t\t\t<section class=\"elementor-section elementor-top-section elementor-element elementor-element-c96c491 elementor-section-boxed elementor-section-height-default elementor-section-height-default\" data-id=\"c96c491\" data-element_type=\"section\" data-settings=\"{&quot;background_background&quot;:&quot;classic&quot;,&quot;jet_parallax_layout_list&quot;:[]}\">\n\t\t\t\t\t\t<div class=\"elementor-container elementor-column-gap-default\">\n\t\t\t\t\t<div class=\"elementor-column elementor-col-100 elementor-top-column elementor-element elementor-element-52c8fca\" data-id=\"52c8fca\" data-element_type=\"column\">\n\t\t\t<div class=\"elementor-widget-wrap elementor-element-populated\">\n\t\t\t\t\t\t\t\t<section class=\"elementor-section elementor-inner-section elementor-element elementor-element-ffa23cc elementor-section-boxed elementor-section-height-default elementor-section-height-default\" data-id=\"ffa23cc\" data-element_type=\"section\" data-settings=\"{&quot;jet_parallax_layout_list&quot;:[]}\">\n\t\t\t\t\t\t<div class=\"elementor-container elementor-column-gap-default\">\n\t\t\t\t\t<div class=\"elementor-column elementor-col-50 elementor-inner-column elementor-element elementor-element-524b06c animated-fast elementor-invisible\" data-id=\"524b06c\" data-element_type=\"column\" data-settings=\"{&quot;background_background&quot;:&quot;classic&quot;,&quot;animation&quot;:&quot;fadeInUp&quot;,&quot;animation_delay&quot;:400}\">\n\t\t\t<div class=\"elementor-widget-wrap elementor-element-populated\">\n\t\t\t\t\t\t\t\t<div class=\"elementor-element elementor-element-9aba49a elementor-position-top elementor-vertical-align-top elementor-widget elementor-widget-image-box\" data-id=\"9aba49a\" data-element_type=\"widget\" data-widget_type=\"image-box.default\">\n\t\t\t\t<div class=\"elementor-widget-container\">\n\t\t\t<style>\/*! elementor - v3.13.3 - 28-05-2023 *\/\n.elementor-widget-image-box .elementor-image-box-content{width:100%}@media (min-width:768px){.elementor-widget-image-box.elementor-position-left .elementor-image-box-wrapper,.elementor-widget-image-box.elementor-position-right .elementor-image-box-wrapper{display:flex}.elementor-widget-image-box.elementor-position-right .elementor-image-box-wrapper{text-align:right;flex-direction:row-reverse}.elementor-widget-image-box.elementor-position-left .elementor-image-box-wrapper{text-align:left;flex-direction:row}.elementor-widget-image-box.elementor-position-top .elementor-image-box-img{margin:auto}.elementor-widget-image-box.elementor-vertical-align-top .elementor-image-box-wrapper{align-items:flex-start}.elementor-widget-image-box.elementor-vertical-align-middle .elementor-image-box-wrapper{align-items:center}.elementor-widget-image-box.elementor-vertical-align-bottom .elementor-image-box-wrapper{align-items:flex-end}}@media (max-width:767px){.elementor-widget-image-box .elementor-image-box-img{margin-left:auto!important;margin-right:auto!important;margin-bottom:15px}}.elementor-widget-image-box .elementor-image-box-img{display:inline-block}.elementor-widget-image-box .elementor-image-box-title a{color:inherit}.elementor-widget-image-box .elementor-image-box-wrapper{text-align:center}.elementor-widget-image-box .elementor-image-box-description{margin:0}<\/style><div class=\"elementor-image-box-wrapper\"><figure class=\"elementor-image-box-img\"><a href=\"https:\/\/kolmiologistics.com\/en\/soluciones\/administracion-y-control\/sistemas-logisticos-software-y-tecnologia\/\"><img decoding=\"async\" width=\"120\" height=\"120\" src=\"https:\/\/kolmiologistics.com\/wp-content\/uploads\/2023\/02\/kolmio-servicios-08.png\" class=\"attachment-medium size-medium wp-image-480\" alt=\"\" loading=\"lazy\" \/><\/a><\/figure><div class=\"elementor-image-box-content\"><h4 class=\"elementor-image-box-title\"><a href=\"https:\/\/kolmiologistics.com\/en\/soluciones\/administracion-y-control\/sistemas-logisticos-software-y-tecnologia\/\">Logistics Software and Tech<\/a><\/h4><p class=\"elementor-image-box-description\">With the purpose of generating value for your supply chains, we use different digital tools to make processes and control\/administration more efficient in each part.\n<\/p><\/div><\/div>\t\t<\/div>\n\t\t\t\t<\/div>\n\t\t\t\t<div class=\"elementor-element elementor-element-a346a6d elementor-align-center elementor-widget elementor-widget-button\" data-id=\"a346a6d\" data-element_type=\"widget\" data-widget_type=\"button.default\">\n\t\t\t\t<div class=\"elementor-widget-container\">\n\t\t\t\t\t<div class=\"elementor-button-wrapper\">\n\t\t\t<a href=\"https:\/\/kolmiologistics.com\/en\/soluciones\/administracion-y-control\/sistemas-logisticos-software-y-tecnologia\/\" class=\"elementor-button-link elementor-button elementor-size-xs\" role=\"button\">\n\t\t\t\t\t\t<span class=\"elementor-button-content-wrapper\">\n\t\t\t\t\t\t<span class=\"elementor-button-text\">More<\/span>\n\t\t<\/span>\n\t\t\t\t\t<\/a>\n\t\t<\/div>\n\t\t\t\t<\/div>\n\t\t\t\t<\/div>\n\t\t\t\t\t<\/div>\n\t\t<\/div>\n\t\t\t\t<div class=\"elementor-column elementor-col-50 elementor-inner-column elementor-element elementor-element-087206d animated-fast elementor-invisible\" data-id=\"087206d\" data-element_type=\"column\" data-settings=\"{&quot;background_background&quot;:&quot;classic&quot;,&quot;animation&quot;:&quot;fadeInUp&quot;,&quot;animation_delay&quot;:400}\">\n\t\t\t<div class=\"elementor-widget-wrap elementor-element-populated\">\n\t\t\t\t\t\t\t\t<div class=\"elementor-element elementor-element-13ae6bb elementor-position-top elementor-vertical-align-top elementor-widget elementor-widget-image-box\" data-id=\"13ae6bb\" data-element_type=\"widget\" data-widget_type=\"image-box.default\">\n\t\t\t\t<div class=\"elementor-widget-container\">\n\t\t\t<div class=\"elementor-image-box-wrapper\"><figure class=\"elementor-image-box-img\"><a href=\"https:\/\/kolmiologistics.com\/en\/soluciones\/administracion-y-control\/consultoria-logistica\/\"><img decoding=\"async\" width=\"120\" height=\"120\" src=\"https:\/\/kolmiologistics.com\/wp-content\/uploads\/2023\/02\/kolmio-servicios-11.png\" class=\"attachment-medium size-medium wp-image-483\" alt=\"\" loading=\"lazy\" \/><\/a><\/figure><div class=\"elementor-image-box-content\"><h4 class=\"elementor-image-box-title\"><a href=\"https:\/\/kolmiologistics.com\/en\/soluciones\/administracion-y-control\/consultoria-logistica\/\">Logistics Consulting<\/a><\/h4><p class=\"elementor-image-box-description\">Part of the value of our services is based on more than 30 years of experience and on the development and application of the best logistics practices, for each particular case.\n<\/p><\/div><\/div>\t\t<\/div>\n\t\t\t\t<\/div>\n\t\t\t\t<div class=\"elementor-element elementor-element-e338d7f elementor-align-center elementor-widget elementor-widget-button\" data-id=\"e338d7f\" data-element_type=\"widget\" data-widget_type=\"button.default\">\n\t\t\t\t<div class=\"elementor-widget-container\">\n\t\t\t\t\t<div class=\"elementor-button-wrapper\">\n\t\t\t<a href=\"https:\/\/kolmiologistics.com\/en\/soluciones\/administracion-y-control\/consultoria-logistica\/\" class=\"elementor-button-link elementor-button elementor-size-xs\" role=\"button\">\n\t\t\t\t\t\t<span class=\"elementor-button-content-wrapper\">\n\t\t\t\t\t\t<span class=\"elementor-button-text\">More<\/span>\n\t\t<\/span>\n\t\t\t\t\t<\/a>\n\t\t<\/div>\n\t\t\t\t<\/div>\n\t\t\t\t<\/div>\n\t\t\t\t\t<\/div>\n\t\t<\/div>\n\t\t\t\t\t\t\t<\/div>\n\t\t<\/section>\n\t\t\t\t\t<\/div>\n\t\t<\/div>\n\t\t\t\t\t\t\t<\/div>\n\t\t<\/section>\n\t\t\t\t\t\t\t<\/div>","protected":false},"excerpt":{"rendered":"<p>Sistemas Log\u00edsticos (Software y tecnolog\u00eda) Para generar valor a tu cadena de suministro utilizamos distintas herramientas digitales para hacer m\u00e1s eficientes los procesos y el control \/ administraci\u00f3n en cada parte. Conoce m\u00e1s Consultor\u00eda Log\u00edstica Parte del valor de nuestros servicios se fundamenta en m\u00e1s de 30 a\u00f1os de experiencia y en el desarrollo y [&hellip;]<\/p>","protected":false},"author":1,"featured_media":0,"parent":127,"menu_order":4,"comment_status":"closed","ping_status":"closed","template":"","meta":[],"yoast_head":"<!-- This site is optimized with the Yoast SEO plugin v20.13 - https:\/\/yoast.com\/wordpress\/plugins\/seo\/ -->\n<title>Administraci\u00f3n y Control - Kolmio Logistics<\/title>\n<meta name=\"robots\" content=\"index, follow, max-snippet:-1, max-image-preview:large, max-video-preview:-1\" \/>\n<link rel=\"canonical\" href=\"https:\/\/kolmiologistics.com\/en\/soluciones\/administracion-y-control\/\" \/>\n<meta property=\"og:locale\" content=\"en_US\" \/>\n<meta property=\"og:type\" content=\"article\" \/>\n<meta property=\"og:title\" content=\"Administraci\u00f3n y Control - Kolmio Logistics\" \/>\n<meta property=\"og:description\" content=\"Sistemas Log\u00edsticos (Software y tecnolog\u00eda) Para generar valor a tu cadena de suministro utilizamos distintas herramientas digitales para hacer m\u00e1s eficientes los procesos y el control \/ administraci\u00f3n en cada parte. Conoce m\u00e1s Consultor\u00eda Log\u00edstica Parte del valor de nuestros servicios se fundamenta en m\u00e1s de 30 a\u00f1os de experiencia y en el desarrollo y [&hellip;]\" \/>\n<meta property=\"og:url\" content=\"https:\/\/kolmiologistics.com\/en\/soluciones\/administracion-y-control\/\" \/>\n<meta property=\"og:site_name\" content=\"Kolmio Logistics\" \/>\n<meta property=\"article:modified_time\" content=\"2023-03-17T21:57:16+00:00\" \/>\n<meta property=\"og:image\" content=\"https:\/\/kolmiologistics.com\/wp-content\/uploads\/2023\/02\/kolmio-servicios-08.png\" \/>\n<meta name=\"twitter:card\" content=\"summary_large_image\" \/>\n<script type=\"application\/ld+json\" class=\"yoast-schema-graph\">{\"@context\":\"https:\/\/schema.org\",\"@graph\":[{\"@type\":\"WebPage\",\"@id\":\"https:\/\/kolmiologistics.com\/soluciones\/administracion-y-control\/\",\"url\":\"https:\/\/kolmiologistics.com\/soluciones\/administracion-y-control\/\",\"name\":\"Administraci\u00f3n y Control - Kolmio Logistics\",\"isPartOf\":{\"@id\":\"https:\/\/kolmiologistics.com\/#website\"},\"datePublished\":\"2023-02-15T19:32:29+00:00\",\"dateModified\":\"2023-03-17T21:57:16+00:00\",\"breadcrumb\":{\"@id\":\"https:\/\/kolmiologistics.com\/soluciones\/administracion-y-control\/#breadcrumb\"},\"inLanguage\":\"en-US\",\"potentialAction\":[{\"@type\":\"ReadAction\",\"target\":[\"https:\/\/kolmiologistics.com\/soluciones\/administracion-y-control\/\"]}]},{\"@type\":\"BreadcrumbList\",\"@id\":\"https:\/\/kolmiologistics.com\/soluciones\/administracion-y-control\/#breadcrumb\",\"itemListElement\":[{\"@type\":\"ListItem\",\"position\":1,\"name\":\"Portada\",\"item\":\"https:\/\/kolmiologistics.com\/\"},{\"@type\":\"ListItem\",\"position\":2,\"name\":\"Soluciones\",\"item\":\"https:\/\/kolmiologistics.com\/soluciones\/\"},{\"@type\":\"ListItem\",\"position\":3,\"name\":\"Administraci\u00f3n y Control\"}]},{\"@type\":\"WebSite\",\"@id\":\"https:\/\/kolmiologistics.com\/#website\",\"url\":\"https:\/\/kolmiologistics.com\/\",\"name\":\"Kolmio Logistics\",\"description\":\"Believe us, we\u2019ve got you covered\",\"publisher\":{\"@id\":\"https:\/\/kolmiologistics.com\/#organization\"},\"potentialAction\":[{\"@type\":\"SearchAction\",\"target\":{\"@type\":\"EntryPoint\",\"urlTemplate\":\"https:\/\/kolmiologistics.com\/?s={search_term_string}\"},\"query-input\":\"required name=search_term_string\"}],\"inLanguage\":\"en-US\"},{\"@type\":\"Organization\",\"@id\":\"https:\/\/kolmiologistics.com\/#organization\",\"name\":\"Kolmio Logistics\",\"url\":\"https:\/\/kolmiologistics.com\/\",\"logo\":{\"@type\":\"ImageObject\",\"inLanguage\":\"en-US\",\"@id\":\"https:\/\/kolmiologistics.com\/#\/schema\/logo\/image\/\",\"url\":\"https:\/\/kolmiologistics.com\/wp-content\/uploads\/2023\/02\/Logo-temporal-Kolmio-Logistics.png\",\"contentUrl\":\"https:\/\/kolmiologistics.com\/wp-content\/uploads\/2023\/02\/Logo-temporal-Kolmio-Logistics.png\",\"width\":1428,\"height\":188,\"caption\":\"Kolmio Logistics\"},\"image\":{\"@id\":\"https:\/\/kolmiologistics.com\/#\/schema\/logo\/image\/\"}}]}<\/script>\n<!-- \/ Yoast SEO plugin. -->","yoast_head_json":{"title":"Administraci\u00f3n y Control - Kolmio Logistics","robots":{"index":"index","follow":"follow","max-snippet":"max-snippet:-1","max-image-preview":"max-image-preview:large","max-video-preview":"max-video-preview:-1"},"canonical":"https:\/\/kolmiologistics.com\/en\/soluciones\/administracion-y-control\/","og_locale":"en_US","og_type":"article","og_title":"Administraci\u00f3n y Control - Kolmio Logistics","og_description":"Sistemas Log\u00edsticos (Software y tecnolog\u00eda) Para generar valor a tu cadena de suministro utilizamos distintas herramientas digitales para hacer m\u00e1s eficientes los procesos y el control \/ administraci\u00f3n en cada parte. Conoce m\u00e1s Consultor\u00eda Log\u00edstica Parte del valor de nuestros servicios se fundamenta en m\u00e1s de 30 a\u00f1os de experiencia y en el desarrollo y [&hellip;]","og_url":"https:\/\/kolmiologistics.com\/en\/soluciones\/administracion-y-control\/","og_site_name":"Kolmio Logistics","article_modified_time":"2023-03-17T21:57:16+00:00","og_image":[{"url":"https:\/\/kolmiologistics.com\/wp-content\/uploads\/2023\/02\/kolmio-servicios-08.png"}],"twitter_card":"summary_large_image","schema":{"@context":"https:\/\/schema.org","@graph":[{"@type":"WebPage","@id":"https:\/\/kolmiologistics.com\/soluciones\/administracion-y-control\/","url":"https:\/\/kolmiologistics.com\/soluciones\/administracion-y-control\/","name":"Administraci\u00f3n y Control - Kolmio Logistics","isPartOf":{"@id":"https:\/\/kolmiologistics.com\/#website"},"datePublished":"2023-02-15T19:32:29+00:00","dateModified":"2023-03-17T21:57:16+00:00","breadcrumb":{"@id":"https:\/\/kolmiologistics.com\/soluciones\/administracion-y-control\/#breadcrumb"},"inLanguage":"en-US","potentialAction":[{"@type":"ReadAction","target":["https:\/\/kolmiologistics.com\/soluciones\/administracion-y-control\/"]}]},{"@type":"BreadcrumbList","@id":"https:\/\/kolmiologistics.com\/soluciones\/administracion-y-control\/#breadcrumb","itemListElement":[{"@type":"ListItem","position":1,"name":"Portada","item":"https:\/\/kolmiologistics.com\/"},{"@type":"ListItem","position":2,"name":"Soluciones","item":"https:\/\/kolmiologistics.com\/soluciones\/"},{"@type":"ListItem","position":3,"name":"Administraci\u00f3n y Control"}]},{"@type":"WebSite","@id":"https:\/\/kolmiologistics.com\/#website","url":"https:\/\/kolmiologistics.com\/","name":"Kolmio Logistics","description":"Believe us, we\u2019ve got you covered","publisher":{"@id":"https:\/\/kolmiologistics.com\/#organization"},"potentialAction":[{"@type":"SearchAction","target":{"@type":"EntryPoint","urlTemplate":"https:\/\/kolmiologistics.com\/?s={search_term_string}"},"query-input":"required name=search_term_string"}],"inLanguage":"en-US"},{"@type":"Organization","@id":"https:\/\/kolmiologistics.com\/#organization","name":"Kolmio Logistics","url":"https:\/\/kolmiologistics.com\/","logo":{"@type":"ImageObject","inLanguage":"en-US","@id":"https:\/\/kolmiologistics.com\/#\/schema\/logo\/image\/","url":"https:\/\/kolmiologistics.com\/wp-content\/uploads\/2023\/02\/Logo-temporal-Kolmio-Logistics.png","contentUrl":"https:\/\/kolmiologistics.com\/wp-content\/uploads\/2023\/02\/Logo-temporal-Kolmio-Logistics.png","width":1428,"height":188,"caption":"Kolmio Logistics"},"image":{"@id":"https:\/\/kolmiologistics.com\/#\/schema\/logo\/image\/"}}]}},"_links":{"self":[{"href":"https:\/\/kolmiologistics.com\/en\/wp-json\/wp\/v2\/pages\/1003"}],"collection":[{"href":"https:\/\/kolmiologistics.com\/en\/wp-json\/wp\/v2\/pages"}],"about":[{"href":"https:\/\/kolmiologistics.com\/en\/wp-json\/wp\/v2\/types\/page"}],"author":[{"embeddable":true,"href":"https:\/\/kolmiologistics.com\/en\/wp-json\/wp\/v2\/users\/1"}],"replies":[{"embeddable":true,"href":"https:\/\/kolmiologistics.com\/en\/wp-json\/wp\/v2\/comments?post=1003"}],"version-history":[{"count":25,"href":"https:\/\/kolmiologistics.com\/en\/wp-json\/wp\/v2\/pages\/1003\/revisions"}],"predecessor-version":[{"id":1948,"href":"https:\/\/kolmiologistics.com\/en\/wp-json\/wp\/v2\/pages\/1003\/revisions\/1948"}],"up":[{"embeddable":true,"href":"https:\/\/kolmiologistics.com\/en\/wp-json\/wp\/v2\/pages\/127"}],"wp:attachment":[{"href":"https:\/\/kolmiologistics.com\/en\/wp-json\/wp\/v2\/media?parent=1003"}],"curies":[{"name":"wp","href":"https:\/\/api.w.org\/{rel}","templated":true}]}}