{"id":1001,"date":"2023-02-15T19:32:13","date_gmt":"2023-02-15T19:32:13","guid":{"rendered":"https:\/\/kolmiologistics.com\/?page_id=1001"},"modified":"2023-03-17T21:56:55","modified_gmt":"2023-03-17T21:56:55","slug":"cruce-y-aduana","status":"publish","type":"page","link":"https:\/\/kolmiologistics.com\/en\/soluciones\/cruce-y-aduana\/","title":{"rendered":"Cross Border and Customs"},"content":{"rendered":"<div data-elementor-type=\"wp-page\" data-elementor-id=\"1001\" class=\"elementor elementor-1001\">\n\t\t\t\t\t\t\t\t\t<section class=\"elementor-section elementor-top-section elementor-element elementor-element-43ee1fc elementor-section-boxed elementor-section-height-default elementor-section-height-default\" data-id=\"43ee1fc\" data-element_type=\"section\" data-settings=\"{&quot;background_background&quot;:&quot;classic&quot;,&quot;jet_parallax_layout_list&quot;:[]}\">\n\t\t\t\t\t\t<div class=\"elementor-container elementor-column-gap-default\">\n\t\t\t\t\t<div class=\"elementor-column elementor-col-100 elementor-top-column elementor-element elementor-element-af1d3c9\" data-id=\"af1d3c9\" data-element_type=\"column\">\n\t\t\t<div class=\"elementor-widget-wrap elementor-element-populated\">\n\t\t\t\t\t\t\t\t<section class=\"elementor-section elementor-inner-section elementor-element elementor-element-3201e1b elementor-section-boxed elementor-section-height-default elementor-section-height-default\" data-id=\"3201e1b\" data-element_type=\"section\" data-settings=\"{&quot;jet_parallax_layout_list&quot;:[]}\">\n\t\t\t\t\t\t<div class=\"elementor-container elementor-column-gap-default\">\n\t\t\t\t\t<div class=\"elementor-column elementor-col-50 elementor-inner-column elementor-element elementor-element-73a69ed elementor-invisible\" data-id=\"73a69ed\" data-element_type=\"column\" data-settings=\"{&quot;background_background&quot;:&quot;classic&quot;,&quot;animation&quot;:&quot;fadeInUp&quot;}\">\n\t\t\t<div class=\"elementor-widget-wrap elementor-element-populated\">\n\t\t\t\t\t\t\t\t<div class=\"elementor-element elementor-element-dcddda5 elementor-position-top elementor-vertical-align-top elementor-widget elementor-widget-image-box\" data-id=\"dcddda5\" data-element_type=\"widget\" data-widget_type=\"image-box.default\">\n\t\t\t\t<div class=\"elementor-widget-container\">\n\t\t\t<style>\/*! elementor - v3.13.3 - 28-05-2023 *\/\n.elementor-widget-image-box .elementor-image-box-content{width:100%}@media (min-width:768px){.elementor-widget-image-box.elementor-position-left .elementor-image-box-wrapper,.elementor-widget-image-box.elementor-position-right .elementor-image-box-wrapper{display:flex}.elementor-widget-image-box.elementor-position-right .elementor-image-box-wrapper{text-align:right;flex-direction:row-reverse}.elementor-widget-image-box.elementor-position-left .elementor-image-box-wrapper{text-align:left;flex-direction:row}.elementor-widget-image-box.elementor-position-top .elementor-image-box-img{margin:auto}.elementor-widget-image-box.elementor-vertical-align-top .elementor-image-box-wrapper{align-items:flex-start}.elementor-widget-image-box.elementor-vertical-align-middle .elementor-image-box-wrapper{align-items:center}.elementor-widget-image-box.elementor-vertical-align-bottom .elementor-image-box-wrapper{align-items:flex-end}}@media (max-width:767px){.elementor-widget-image-box .elementor-image-box-img{margin-left:auto!important;margin-right:auto!important;margin-bottom:15px}}.elementor-widget-image-box .elementor-image-box-img{display:inline-block}.elementor-widget-image-box .elementor-image-box-title a{color:inherit}.elementor-widget-image-box .elementor-image-box-wrapper{text-align:center}.elementor-widget-image-box .elementor-image-box-description{margin:0}<\/style><div class=\"elementor-image-box-wrapper\"><figure class=\"elementor-image-box-img\"><a href=\"https:\/\/kolmiologistics.com\/en\/soluciones\/cruce-y-aduana\/cross-border-trucking-services\/\"><img decoding=\"async\" width=\"120\" height=\"120\" src=\"https:\/\/kolmiologistics.com\/wp-content\/uploads\/2023\/02\/kolmio-servicios-07.png\" class=\"attachment-medium size-medium wp-image-479\" alt=\"\" loading=\"lazy\" \/><\/a><\/figure><div class=\"elementor-image-box-content\"><h4 class=\"elementor-image-box-title\"><a href=\"https:\/\/kolmiologistics.com\/en\/soluciones\/cruce-y-aduana\/cross-border-trucking-services\/\">Cross Border Trucking Services<\/a><\/h4><p class=\"elementor-image-box-description\">Does cross-borer transportation worry you? Let Kolmio Logistics take the wheel\n<\/p><\/div><\/div>\t\t<\/div>\n\t\t\t\t<\/div>\n\t\t\t\t<div class=\"elementor-element elementor-element-4bfecfc elementor-align-center elementor-widget elementor-widget-button\" data-id=\"4bfecfc\" data-element_type=\"widget\" data-widget_type=\"button.default\">\n\t\t\t\t<div class=\"elementor-widget-container\">\n\t\t\t\t\t<div class=\"elementor-button-wrapper\">\n\t\t\t<a href=\"https:\/\/kolmiologistics.com\/en\/soluciones\/cruce-y-aduana\/cross-border-trucking-services\/\" class=\"elementor-button-link elementor-button elementor-size-xs\" role=\"button\">\n\t\t\t\t\t\t<span class=\"elementor-button-content-wrapper\">\n\t\t\t\t\t\t<span class=\"elementor-button-text\">More<\/span>\n\t\t<\/span>\n\t\t\t\t\t<\/a>\n\t\t<\/div>\n\t\t\t\t<\/div>\n\t\t\t\t<\/div>\n\t\t\t\t\t<\/div>\n\t\t<\/div>\n\t\t\t\t<div class=\"elementor-column elementor-col-50 elementor-inner-column elementor-element elementor-element-7a2341a elementor-invisible\" data-id=\"7a2341a\" data-element_type=\"column\" data-settings=\"{&quot;background_background&quot;:&quot;classic&quot;,&quot;animation&quot;:&quot;fadeInUp&quot;}\">\n\t\t\t<div class=\"elementor-widget-wrap elementor-element-populated\">\n\t\t\t\t\t\t\t\t<div class=\"elementor-element elementor-element-11aa551 elementor-position-top elementor-vertical-align-top elementor-widget elementor-widget-image-box\" data-id=\"11aa551\" data-element_type=\"widget\" data-widget_type=\"image-box.default\">\n\t\t\t\t<div class=\"elementor-widget-container\">\n\t\t\t<div class=\"elementor-image-box-wrapper\"><figure class=\"elementor-image-box-img\"><a href=\"https:\/\/kolmiologistics.com\/en\/soluciones\/cruce-y-aduana\/servicio-de-aduana\/\"><img decoding=\"async\" width=\"120\" height=\"120\" src=\"https:\/\/kolmiologistics.com\/wp-content\/uploads\/2023\/02\/kolmio-servicios-10.png\" class=\"attachment-medium size-medium wp-image-482\" alt=\"\" loading=\"lazy\" \/><\/a><\/figure><div class=\"elementor-image-box-content\"><h4 class=\"elementor-image-box-title\"><a href=\"https:\/\/kolmiologistics.com\/en\/soluciones\/cruce-y-aduana\/servicio-de-aduana\/\">Customs Brokerage<\/a><\/h4><p class=\"elementor-image-box-description\">Our comprehensive logistics service for supply chains includes efficient management in customs processes for import and export.\n<\/p><\/div><\/div>\t\t<\/div>\n\t\t\t\t<\/div>\n\t\t\t\t<div class=\"elementor-element elementor-element-01faf4d elementor-align-center elementor-widget elementor-widget-button\" data-id=\"01faf4d\" data-element_type=\"widget\" data-widget_type=\"button.default\">\n\t\t\t\t<div class=\"elementor-widget-container\">\n\t\t\t\t\t<div class=\"elementor-button-wrapper\">\n\t\t\t<a href=\"https:\/\/kolmiologistics.com\/en\/soluciones\/cruce-y-aduana\/servicio-de-aduana\/\" class=\"elementor-button-link elementor-button elementor-size-xs\" role=\"button\">\n\t\t\t\t\t\t<span class=\"elementor-button-content-wrapper\">\n\t\t\t\t\t\t<span class=\"elementor-button-text\">More<\/span>\n\t\t<\/span>\n\t\t\t\t\t<\/a>\n\t\t<\/div>\n\t\t\t\t<\/div>\n\t\t\t\t<\/div>\n\t\t\t\t\t<\/div>\n\t\t<\/div>\n\t\t\t\t\t\t\t<\/div>\n\t\t<\/section>\n\t\t\t\t\t<\/div>\n\t\t<\/div>\n\t\t\t\t\t\t\t<\/div>\n\t\t<\/section>\n\t\t\t\t\t\t\t<\/div>","protected":false},"excerpt":{"rendered":"<p>Cross Border Trucking Services \u00bfSi el transporte transfronterizo te preocupa? Deja a Kolmio Logistics tomar el volante. Conoce m\u00e1s Servicio de Aduana Nuestro servicio integral en log\u00edstica para cadenas de suministros contempla la gesti\u00f3n eficiente en procesos aduanales para importaci\u00f3n y exportaci\u00f3n. Conoce m\u00e1s<\/p>","protected":false},"author":1,"featured_media":0,"parent":127,"menu_order":3,"comment_status":"closed","ping_status":"closed","template":"","meta":[],"yoast_head":"<!-- This site is optimized with the Yoast SEO plugin v20.13 - https:\/\/yoast.com\/wordpress\/plugins\/seo\/ -->\n<title>Cruce y Aduana - Kolmio Logistics<\/title>\n<meta name=\"robots\" content=\"index, follow, max-snippet:-1, max-image-preview:large, max-video-preview:-1\" \/>\n<link rel=\"canonical\" href=\"https:\/\/kolmiologistics.com\/en\/soluciones\/cruce-y-aduana\/\" \/>\n<meta property=\"og:locale\" content=\"en_US\" \/>\n<meta property=\"og:type\" content=\"article\" \/>\n<meta property=\"og:title\" content=\"Cruce y Aduana - Kolmio Logistics\" \/>\n<meta property=\"og:description\" content=\"Cross Border Trucking Services \u00bfSi el transporte transfronterizo te preocupa? Deja a Kolmio Logistics tomar el volante. Conoce m\u00e1s Servicio de Aduana Nuestro servicio integral en log\u00edstica para cadenas de suministros contempla la gesti\u00f3n eficiente en procesos aduanales para importaci\u00f3n y exportaci\u00f3n. Conoce m\u00e1s\" \/>\n<meta property=\"og:url\" content=\"https:\/\/kolmiologistics.com\/en\/soluciones\/cruce-y-aduana\/\" \/>\n<meta property=\"og:site_name\" content=\"Kolmio Logistics\" \/>\n<meta property=\"article:modified_time\" content=\"2023-03-17T21:56:55+00:00\" \/>\n<meta property=\"og:image\" content=\"https:\/\/kolmiologistics.com\/wp-content\/uploads\/2023\/02\/kolmio-servicios-07.png\" \/>\n<meta name=\"twitter:card\" content=\"summary_large_image\" \/>\n<script type=\"application\/ld+json\" class=\"yoast-schema-graph\">{\"@context\":\"https:\/\/schema.org\",\"@graph\":[{\"@type\":\"WebPage\",\"@id\":\"https:\/\/kolmiologistics.com\/soluciones\/cruce-y-aduana\/\",\"url\":\"https:\/\/kolmiologistics.com\/soluciones\/cruce-y-aduana\/\",\"name\":\"Cruce y Aduana - Kolmio Logistics\",\"isPartOf\":{\"@id\":\"https:\/\/kolmiologistics.com\/#website\"},\"datePublished\":\"2023-02-15T19:32:13+00:00\",\"dateModified\":\"2023-03-17T21:56:55+00:00\",\"breadcrumb\":{\"@id\":\"https:\/\/kolmiologistics.com\/soluciones\/cruce-y-aduana\/#breadcrumb\"},\"inLanguage\":\"en-US\",\"potentialAction\":[{\"@type\":\"ReadAction\",\"target\":[\"https:\/\/kolmiologistics.com\/soluciones\/cruce-y-aduana\/\"]}]},{\"@type\":\"BreadcrumbList\",\"@id\":\"https:\/\/kolmiologistics.com\/soluciones\/cruce-y-aduana\/#breadcrumb\",\"itemListElement\":[{\"@type\":\"ListItem\",\"position\":1,\"name\":\"Portada\",\"item\":\"https:\/\/kolmiologistics.com\/\"},{\"@type\":\"ListItem\",\"position\":2,\"name\":\"Soluciones\",\"item\":\"https:\/\/kolmiologistics.com\/soluciones\/\"},{\"@type\":\"ListItem\",\"position\":3,\"name\":\"Cruce y Aduana\"}]},{\"@type\":\"WebSite\",\"@id\":\"https:\/\/kolmiologistics.com\/#website\",\"url\":\"https:\/\/kolmiologistics.com\/\",\"name\":\"Kolmio Logistics\",\"description\":\"Believe us, we\u2019ve got you covered\",\"publisher\":{\"@id\":\"https:\/\/kolmiologistics.com\/#organization\"},\"potentialAction\":[{\"@type\":\"SearchAction\",\"target\":{\"@type\":\"EntryPoint\",\"urlTemplate\":\"https:\/\/kolmiologistics.com\/?s={search_term_string}\"},\"query-input\":\"required name=search_term_string\"}],\"inLanguage\":\"en-US\"},{\"@type\":\"Organization\",\"@id\":\"https:\/\/kolmiologistics.com\/#organization\",\"name\":\"Kolmio Logistics\",\"url\":\"https:\/\/kolmiologistics.com\/\",\"logo\":{\"@type\":\"ImageObject\",\"inLanguage\":\"en-US\",\"@id\":\"https:\/\/kolmiologistics.com\/#\/schema\/logo\/image\/\",\"url\":\"https:\/\/kolmiologistics.com\/wp-content\/uploads\/2023\/02\/Logo-temporal-Kolmio-Logistics.png\",\"contentUrl\":\"https:\/\/kolmiologistics.com\/wp-content\/uploads\/2023\/02\/Logo-temporal-Kolmio-Logistics.png\",\"width\":1428,\"height\":188,\"caption\":\"Kolmio Logistics\"},\"image\":{\"@id\":\"https:\/\/kolmiologistics.com\/#\/schema\/logo\/image\/\"}}]}<\/script>\n<!-- \/ Yoast SEO plugin. -->","yoast_head_json":{"title":"Cruce y Aduana - Kolmio Logistics","robots":{"index":"index","follow":"follow","max-snippet":"max-snippet:-1","max-image-preview":"max-image-preview:large","max-video-preview":"max-video-preview:-1"},"canonical":"https:\/\/kolmiologistics.com\/en\/soluciones\/cruce-y-aduana\/","og_locale":"en_US","og_type":"article","og_title":"Cruce y Aduana - Kolmio Logistics","og_description":"Cross Border Trucking Services \u00bfSi el transporte transfronterizo te preocupa? Deja a Kolmio Logistics tomar el volante. Conoce m\u00e1s Servicio de Aduana Nuestro servicio integral en log\u00edstica para cadenas de suministros contempla la gesti\u00f3n eficiente en procesos aduanales para importaci\u00f3n y exportaci\u00f3n. Conoce m\u00e1s","og_url":"https:\/\/kolmiologistics.com\/en\/soluciones\/cruce-y-aduana\/","og_site_name":"Kolmio Logistics","article_modified_time":"2023-03-17T21:56:55+00:00","og_image":[{"url":"https:\/\/kolmiologistics.com\/wp-content\/uploads\/2023\/02\/kolmio-servicios-07.png"}],"twitter_card":"summary_large_image","schema":{"@context":"https:\/\/schema.org","@graph":[{"@type":"WebPage","@id":"https:\/\/kolmiologistics.com\/soluciones\/cruce-y-aduana\/","url":"https:\/\/kolmiologistics.com\/soluciones\/cruce-y-aduana\/","name":"Cruce y Aduana - Kolmio Logistics","isPartOf":{"@id":"https:\/\/kolmiologistics.com\/#website"},"datePublished":"2023-02-15T19:32:13+00:00","dateModified":"2023-03-17T21:56:55+00:00","breadcrumb":{"@id":"https:\/\/kolmiologistics.com\/soluciones\/cruce-y-aduana\/#breadcrumb"},"inLanguage":"en-US","potentialAction":[{"@type":"ReadAction","target":["https:\/\/kolmiologistics.com\/soluciones\/cruce-y-aduana\/"]}]},{"@type":"BreadcrumbList","@id":"https:\/\/kolmiologistics.com\/soluciones\/cruce-y-aduana\/#breadcrumb","itemListElement":[{"@type":"ListItem","position":1,"name":"Portada","item":"https:\/\/kolmiologistics.com\/"},{"@type":"ListItem","position":2,"name":"Soluciones","item":"https:\/\/kolmiologistics.com\/soluciones\/"},{"@type":"ListItem","position":3,"name":"Cruce y Aduana"}]},{"@type":"WebSite","@id":"https:\/\/kolmiologistics.com\/#website","url":"https:\/\/kolmiologistics.com\/","name":"Kolmio Logistics","description":"Believe us, we\u2019ve got you covered","publisher":{"@id":"https:\/\/kolmiologistics.com\/#organization"},"potentialAction":[{"@type":"SearchAction","target":{"@type":"EntryPoint","urlTemplate":"https:\/\/kolmiologistics.com\/?s={search_term_string}"},"query-input":"required name=search_term_string"}],"inLanguage":"en-US"},{"@type":"Organization","@id":"https:\/\/kolmiologistics.com\/#organization","name":"Kolmio Logistics","url":"https:\/\/kolmiologistics.com\/","logo":{"@type":"ImageObject","inLanguage":"en-US","@id":"https:\/\/kolmiologistics.com\/#\/schema\/logo\/image\/","url":"https:\/\/kolmiologistics.com\/wp-content\/uploads\/2023\/02\/Logo-temporal-Kolmio-Logistics.png","contentUrl":"https:\/\/kolmiologistics.com\/wp-content\/uploads\/2023\/02\/Logo-temporal-Kolmio-Logistics.png","width":1428,"height":188,"caption":"Kolmio Logistics"},"image":{"@id":"https:\/\/kolmiologistics.com\/#\/schema\/logo\/image\/"}}]}},"_links":{"self":[{"href":"https:\/\/kolmiologistics.com\/en\/wp-json\/wp\/v2\/pages\/1001"}],"collection":[{"href":"https:\/\/kolmiologistics.com\/en\/wp-json\/wp\/v2\/pages"}],"about":[{"href":"https:\/\/kolmiologistics.com\/en\/wp-json\/wp\/v2\/types\/page"}],"author":[{"embeddable":true,"href":"https:\/\/kolmiologistics.com\/en\/wp-json\/wp\/v2\/users\/1"}],"replies":[{"embeddable":true,"href":"https:\/\/kolmiologistics.com\/en\/wp-json\/wp\/v2\/comments?post=1001"}],"version-history":[{"count":25,"href":"https:\/\/kolmiologistics.com\/en\/wp-json\/wp\/v2\/pages\/1001\/revisions"}],"predecessor-version":[{"id":1945,"href":"https:\/\/kolmiologistics.com\/en\/wp-json\/wp\/v2\/pages\/1001\/revisions\/1945"}],"up":[{"embeddable":true,"href":"https:\/\/kolmiologistics.com\/en\/wp-json\/wp\/v2\/pages\/127"}],"wp:attachment":[{"href":"https:\/\/kolmiologistics.com\/en\/wp-json\/wp\/v2\/media?parent=1001"}],"curies":[{"name":"wp","href":"https:\/\/api.w.org\/{rel}","templated":true}]}}